{"id":1099,"date":"2016-06-13T10:33:54","date_gmt":"2016-06-13T09:33:54","guid":{"rendered":"https:\/\/www.ergodeveloppement.com\/en\/?page_id=1099"},"modified":"2016-06-14T14:38:29","modified_gmt":"2016-06-14T13:38:29","slug":"download-brochures","status":"publish","type":"page","link":"https:\/\/www.ergodeveloppement.com\/en\/download-brochures\/","title":{"rendered":"Download brochures"},"content":{"rendered":"<p>Retrouvez la pr\u00e9sentation du groupe ERGODEVELOPPEMENT\u2122 et les fiches m\u00e9tiers associ\u00e9es en versions t\u00e9l\u00e9chargeables :<\/p>\n<ul>\n<li><a href=\"https:\/\/www.ergodeveloppement.com\/wp-inside\/uploads\/2015\/08\/Plaquette-de-Pr--sentation-ERGODEV-FR-EN.pdf\" target=\"_blank\">Plaquette de Pr\u00e9sentation ERGODEV FR EN<\/a><\/li>\n<li><a href=\"https:\/\/www.ergodeveloppement.com\/wp-inside\/uploads\/pdf\/plaquette.pdf\" target=\"_blank\">Plaquette de Pr\u00e9sentation du groupe<\/a><\/li>\n<li><a href=\"https:\/\/www.ergodeveloppement.com\/wp-inside\/uploads\/pdf\/fiche-calculs.pdf\" target=\"_blank\">Fiche m\u00e9tier : Calculs<\/a><\/li>\n<li><a href=\"https:\/\/www.ergodeveloppement.com\/wp-inside\/uploads\/pdf\/fiche-etudes-conception.pdf\" target=\"_blank\">Fiche m\u00e9tier : Etudes et conception<\/a><\/li>\n<li><a href=\"https:\/\/www.ergodeveloppement.com\/wp-inside\/uploads\/pdf\/fiche-chaudronnerie.pdf\" target=\"_blank\">Fiche m\u00e9tier : Chaudronnerie<\/a><\/li>\n<li><a href=\"https:\/\/www.ergodeveloppement.com\/wp-inside\/uploads\/pdf\/fiche-mecanique-industrielle.pdf\" target=\"_blank\">Fiche m\u00e9tier : M\u00e9canique industrielle<\/a><\/li>\n<li><a href=\"https:\/\/www.ergodeveloppement.com\/wp-inside\/uploads\/pdf\/fiche-tuyauterie-inox.pdf\" target=\"_blank\">Fiche m\u00e9tier : Tuyauterie inox<\/a><\/li>\n<li><a href=\"https:\/\/www.ergodeveloppement.com\/wp-inside\/uploads\/pdf\/fiche-tuyauterie-plastique.pdf\" target=\"_blank\">Fiche m\u00e9tier : Tuyauterie plastique<\/a><\/li>\n<li><a href=\"https:\/\/www.ergodeveloppement.com\/wp-inside\/uploads\/pdf\/fiche-prestations-services.pdf\" target=\"_blank\">Fiche m\u00e9tier : Prestation de services<\/a><\/li>\n<li><a href=\"https:\/\/www.ergodeveloppement.com\/wp-inside\/uploads\/pdf\/fiche-fabrication-low-cost.pdf\" target=\"_blank\">Fiche m\u00e9tier : Fabrication low cost<\/a><\/li>\n<\/ul>\n<p>Consultez la plaquette de Cocental en version t\u00e9l\u00e9chargeable: <a href=\"https:\/\/www.ergodeveloppement.com\/wp-inside\/uploads\/2015\/08\/Plaquette_20Cocental_202015_20web.pdf\" target=\"_blank\">Plaquette de Pr\u00e9sentation de Cocental<\/a><\/p>\n<p>Le savoir-faire de CMM en format t\u00e9l\u00e9chargeable: <a href=\"https:\/\/www.ergodeveloppement.com\/wp-inside\/uploads\/2015\/08\/CMM-CHEMISE-FR.pdf\" target=\"_blank\">Plaquette de Pr\u00e9sentation de CMM<\/a><\/p>\n<p>Retrouvez la pr\u00e9sentation d&#8217;EGTIM GmbH: la nouvelle soci\u00e9t\u00e9 d&#8217;ERGODEVELOPPEMENT: <a href=\"https:\/\/www.ergodeveloppement.com\/wp-inside\/uploads\/2015\/07\/CHEMISE-EGTIM-GMBH-web.pdf\" target=\"_blank\">Plaquette de Pr\u00e9sentation EGTIM GmbH<\/a><\/p>\n","protected":false},"excerpt":{"rendered":"<p>Retrouvez la pr\u00e9sentation du groupe ERGODEVELOPPEMENT\u2122 et les fiches m\u00e9tiers associ\u00e9es en versions t\u00e9l\u00e9chargeables : Plaquette de Pr\u00e9sentation ERGODEV FR EN Plaquette de Pr\u00e9sentation du groupe Fiche m\u00e9tier : Calculs Fiche m\u00e9tier : Etudes et conception Fiche m\u00e9tier : Chaudronnerie Fiche m\u00e9tier : M\u00e9canique industrielle Fiche m\u00e9tier : Tuyauterie inox Fiche m\u00e9tier : Tuyauterie plastique [&hellip;]<\/p>\n","protected":false},"author":3,"featured_media":0,"parent":0,"menu_order":0,"comment_status":"open","ping_status":"closed","template":"","meta":{"footnotes":""},"class_list":["post-1099","page","type-page","status-publish","hentry"],"yoast_head":"<!-- This site is optimized with the Yoast SEO plugin v27.4 - https:\/\/yoast.com\/product\/yoast-seo-wordpress\/ -->\n<title>Download brochures<\/title>\n<meta name=\"robots\" content=\"index, follow, max-snippet:-1, max-image-preview:large, max-video-preview:-1\" \/>\n<link rel=\"canonical\" href=\"https:\/\/www.ergodeveloppement.com\/en\/download-brochures\/\" \/>\n<meta property=\"og:locale\" content=\"en_US\" \/>\n<meta property=\"og:type\" content=\"article\" \/>\n<meta property=\"og:title\" content=\"Download brochures\" \/>\n<meta property=\"og:description\" content=\"Retrouvez la pr\u00e9sentation du groupe ERGODEVELOPPEMENT\u2122 et les fiches m\u00e9tiers associ\u00e9es en versions t\u00e9l\u00e9chargeables : Plaquette de Pr\u00e9sentation ERGODEV FR EN Plaquette de Pr\u00e9sentation du groupe Fiche m\u00e9tier : Calculs Fiche m\u00e9tier : Etudes et conception Fiche m\u00e9tier : Chaudronnerie Fiche m\u00e9tier : M\u00e9canique industrielle Fiche m\u00e9tier : Tuyauterie inox Fiche m\u00e9tier : Tuyauterie plastique [&hellip;]\" \/>\n<meta property=\"og:url\" content=\"https:\/\/www.ergodeveloppement.com\/en\/download-brochures\/\" \/>\n<meta property=\"og:site_name\" content=\"Ergo Developpement\" \/>\n<meta property=\"article:modified_time\" content=\"2016-06-14T13:38:29+00:00\" \/>\n<meta name=\"twitter:label1\" content=\"Est. reading time\" \/>\n\t<meta name=\"twitter:data1\" content=\"1 minute\" \/>\n<script type=\"application\/ld+json\" class=\"yoast-schema-graph\">{\"@context\":\"https:\\\/\\\/schema.org\",\"@graph\":[{\"@type\":\"WebPage\",\"@id\":\"https:\\\/\\\/www.ergodeveloppement.com\\\/en\\\/download-brochures\\\/\",\"url\":\"https:\\\/\\\/www.ergodeveloppement.com\\\/en\\\/download-brochures\\\/\",\"name\":\"Download brochures\",\"isPartOf\":{\"@id\":\"https:\\\/\\\/www.ergodeveloppement.com\\\/en\\\/#website\"},\"datePublished\":\"2016-06-13T09:33:54+00:00\",\"dateModified\":\"2016-06-14T13:38:29+00:00\",\"breadcrumb\":{\"@id\":\"https:\\\/\\\/www.ergodeveloppement.com\\\/en\\\/download-brochures\\\/#breadcrumb\"},\"inLanguage\":\"en-US\",\"potentialAction\":[{\"@type\":\"ReadAction\",\"target\":[\"https:\\\/\\\/www.ergodeveloppement.com\\\/en\\\/download-brochures\\\/\"]}]},{\"@type\":\"BreadcrumbList\",\"@id\":\"https:\\\/\\\/www.ergodeveloppement.com\\\/en\\\/download-brochures\\\/#breadcrumb\",\"itemListElement\":[{\"@type\":\"ListItem\",\"position\":1,\"name\":\"Home\",\"item\":\"https:\\\/\\\/www.ergodeveloppement.com\\\/en\\\/\"},{\"@type\":\"ListItem\",\"position\":2,\"name\":\"Download brochures\"}]},{\"@type\":\"WebSite\",\"@id\":\"https:\\\/\\\/www.ergodeveloppement.com\\\/en\\\/#website\",\"url\":\"https:\\\/\\\/www.ergodeveloppement.com\\\/en\\\/\",\"name\":\"Ergo Developpement\",\"description\":\"Engineering, Design offices, Manufacturing and industrial maintenance\",\"potentialAction\":[{\"@type\":\"SearchAction\",\"target\":{\"@type\":\"EntryPoint\",\"urlTemplate\":\"https:\\\/\\\/www.ergodeveloppement.com\\\/en\\\/?s={search_term_string}\"},\"query-input\":{\"@type\":\"PropertyValueSpecification\",\"valueRequired\":true,\"valueName\":\"search_term_string\"}}],\"inLanguage\":\"en-US\"}]}<\/script>\n<!-- \/ Yoast SEO plugin. -->","yoast_head_json":{"title":"Download brochures","robots":{"index":"index","follow":"follow","max-snippet":"max-snippet:-1","max-image-preview":"max-image-preview:large","max-video-preview":"max-video-preview:-1"},"canonical":"https:\/\/www.ergodeveloppement.com\/en\/download-brochures\/","og_locale":"en_US","og_type":"article","og_title":"Download brochures","og_description":"Retrouvez la pr\u00e9sentation du groupe ERGODEVELOPPEMENT\u2122 et les fiches m\u00e9tiers associ\u00e9es en versions t\u00e9l\u00e9chargeables : Plaquette de Pr\u00e9sentation ERGODEV FR EN Plaquette de Pr\u00e9sentation du groupe Fiche m\u00e9tier : Calculs Fiche m\u00e9tier : Etudes et conception Fiche m\u00e9tier : Chaudronnerie Fiche m\u00e9tier : M\u00e9canique industrielle Fiche m\u00e9tier : Tuyauterie inox Fiche m\u00e9tier : Tuyauterie plastique [&hellip;]","og_url":"https:\/\/www.ergodeveloppement.com\/en\/download-brochures\/","og_site_name":"Ergo Developpement","article_modified_time":"2016-06-14T13:38:29+00:00","twitter_misc":{"Est. reading time":"1 minute"},"schema":{"@context":"https:\/\/schema.org","@graph":[{"@type":"WebPage","@id":"https:\/\/www.ergodeveloppement.com\/en\/download-brochures\/","url":"https:\/\/www.ergodeveloppement.com\/en\/download-brochures\/","name":"Download brochures","isPartOf":{"@id":"https:\/\/www.ergodeveloppement.com\/en\/#website"},"datePublished":"2016-06-13T09:33:54+00:00","dateModified":"2016-06-14T13:38:29+00:00","breadcrumb":{"@id":"https:\/\/www.ergodeveloppement.com\/en\/download-brochures\/#breadcrumb"},"inLanguage":"en-US","potentialAction":[{"@type":"ReadAction","target":["https:\/\/www.ergodeveloppement.com\/en\/download-brochures\/"]}]},{"@type":"BreadcrumbList","@id":"https:\/\/www.ergodeveloppement.com\/en\/download-brochures\/#breadcrumb","itemListElement":[{"@type":"ListItem","position":1,"name":"Home","item":"https:\/\/www.ergodeveloppement.com\/en\/"},{"@type":"ListItem","position":2,"name":"Download brochures"}]},{"@type":"WebSite","@id":"https:\/\/www.ergodeveloppement.com\/en\/#website","url":"https:\/\/www.ergodeveloppement.com\/en\/","name":"Ergo Developpement","description":"Engineering, Design offices, Manufacturing and industrial maintenance","potentialAction":[{"@type":"SearchAction","target":{"@type":"EntryPoint","urlTemplate":"https:\/\/www.ergodeveloppement.com\/en\/?s={search_term_string}"},"query-input":{"@type":"PropertyValueSpecification","valueRequired":true,"valueName":"search_term_string"}}],"inLanguage":"en-US"}]}},"_links":{"self":[{"href":"https:\/\/www.ergodeveloppement.com\/en\/wp-json\/wp\/v2\/pages\/1099","targetHints":{"allow":["GET"]}}],"collection":[{"href":"https:\/\/www.ergodeveloppement.com\/en\/wp-json\/wp\/v2\/pages"}],"about":[{"href":"https:\/\/www.ergodeveloppement.com\/en\/wp-json\/wp\/v2\/types\/page"}],"author":[{"embeddable":true,"href":"https:\/\/www.ergodeveloppement.com\/en\/wp-json\/wp\/v2\/users\/3"}],"replies":[{"embeddable":true,"href":"https:\/\/www.ergodeveloppement.com\/en\/wp-json\/wp\/v2\/comments?post=1099"}],"version-history":[{"count":3,"href":"https:\/\/www.ergodeveloppement.com\/en\/wp-json\/wp\/v2\/pages\/1099\/revisions"}],"predecessor-version":[{"id":1157,"href":"https:\/\/www.ergodeveloppement.com\/en\/wp-json\/wp\/v2\/pages\/1099\/revisions\/1157"}],"wp:attachment":[{"href":"https:\/\/www.ergodeveloppement.com\/en\/wp-json\/wp\/v2\/media?parent=1099"}],"curies":[{"name":"wp","href":"https:\/\/api.w.org\/{rel}","templated":true}]}}