{"id":1003,"date":"2015-04-29T14:04:18","date_gmt":"2015-04-29T13:04:18","guid":{"rendered":"https:\/\/www.ergodeveloppement.com\/en\/ingenierie-bureaux-etudes\/"},"modified":"2016-06-14T16:35:28","modified_gmt":"2016-06-14T15:35:28","slug":"engineering-design-offices","status":"publish","type":"page","link":"https:\/\/www.ergodeveloppement.com\/en\/jobs-skills\/engineering-design-offices\/","title":{"rendered":"Engineering and Design offices"},"content":{"rendered":"<p>ERGODEVELOPPEMENT\u2122 benefits from the expertise of technicians and engineers qualified in various fields, including:<\/p>\n<ul>\n<li>Mechanical design<\/li>\n<li>Hydraulic design<\/li>\n<li>Automatic control systems<\/li>\n<li>Calculations<\/li>\n<li>Production of 3D models<\/li>\n<li>Production of drawings from customer data and constraints<\/li>\n<li>Support in drafting specifications<\/li>\n<li>Project management<\/li>\n<\/ul>\n<p>Please feel free to contact our sales and marketing team for more information.<\/p>\n<div id=\"attachment_400\" class=\"wp-caption aligncenter\" style=\"width:100%;max-width:600px\"><img loading=\"lazy\" decoding=\"async\" class=\"wp-image-400 size-large\" src=\"https:\/\/www.ergodeveloppement.com\/wp-inside\/uploads\/2015\/04\/visuel-BE-page-soci--t--s-600x450.jpg\" alt=\"Un de nos bureaux d\u2019\u00e9tudes bas\u00e9 \u00e0 Pulversheim (68)\" width=\"600\" height=\"450\" srcset=\"https:\/\/www.ergodeveloppement.com\/wp-inside\/uploads\/2015\/04\/visuel-BE-page-soci--t--s-600x450.jpg 600w, https:\/\/www.ergodeveloppement.com\/wp-inside\/uploads\/2015\/04\/visuel-BE-page-soci--t--s-416x312.jpg 416w, https:\/\/www.ergodeveloppement.com\/wp-inside\/uploads\/2015\/04\/visuel-BE-page-soci--t--s-719x539.jpg 719w, https:\/\/www.ergodeveloppement.com\/wp-inside\/uploads\/2015\/04\/visuel-BE-page-soci--t--s.jpg 1024w\" sizes=\"auto, (max-width: 600px) 100vw, 600px\" \/><p class=\"wp-caption-text\">One of our design offices (Pulversheim, Haut-Rhin, France)<\/p><\/div>\n<h2>Applications<\/h2>\n<p>From design to production:<\/p>\n\n\t\t<style type=\"text\/css\">\n\t\t\t#gallery-1 {\n\t\t\t\tmargin: auto;\n\t\t\t}\n\t\t\t#gallery-1 .gallery-item {\n\t\t\t\tfloat: left;\n\t\t\t\tmargin-top: 10px;\n\t\t\t\ttext-align: center;\n\t\t\t\twidth: 50%;\n\t\t\t}\n\t\t\t#gallery-1 img {\n\t\t\t\tborder: 2px solid #cfcfcf;\n\t\t\t}\n\t\t\t#gallery-1 .gallery-caption {\n\t\t\t\tmargin-left: 0;\n\t\t\t}\n\t\t\t\/* see gallery_shortcode() in wp-includes\/media.php *\/\n\t\t<\/style>\n\t\t<div id='gallery-1' class='gallery galleryid-1003 gallery-columns-2 gallery-size-thumbnail'><dl class='gallery-item'>\n\t\t\t<dt class='gallery-icon landscape'>\n\t\t\t\t<a href='https:\/\/www.ergodeveloppement.com\/wp-inside\/uploads\/2015\/04\/visuel-page-ing--nierie-et-BE.jpg'><img loading=\"lazy\" decoding=\"async\" width=\"225\" height=\"150\" src=\"https:\/\/www.ergodeveloppement.com\/wp-inside\/uploads\/2015\/04\/visuel-page-ing--nierie-et-BE-225x150.png\" class=\"attachment-thumbnail size-thumbnail\" alt=\"Device for adjusting train bogies\" aria-describedby=\"gallery-1-410\" srcset=\"https:\/\/www.ergodeveloppement.com\/wp-inside\/uploads\/2015\/04\/visuel-page-ing--nierie-et-BE-225x150.png 225w, https:\/\/www.ergodeveloppement.com\/wp-inside\/uploads\/2015\/04\/visuel-page-ing--nierie-et-BE-508x340.png 508w\" sizes=\"auto, (max-width: 225px) 100vw, 225px\" \/><\/a>\n\t\t\t<\/dt>\n\t\t\t\t<dd class='wp-caption-text gallery-caption' id='gallery-1-410'>\n\t\t\t\tDevice for adjusting train bogies\n\t\t\t\t<\/dd><\/dl><dl class='gallery-item'>\n\t\t\t<dt class='gallery-icon landscape'>\n\t\t\t\t<a href='https:\/\/www.ergodeveloppement.com\/wp-inside\/uploads\/2015\/04\/visuel-page-ing--nierie-et-BE-2.jpg'><img loading=\"lazy\" decoding=\"async\" width=\"225\" height=\"150\" src=\"https:\/\/www.ergodeveloppement.com\/wp-inside\/uploads\/2015\/04\/visuel-page-ing--nierie-et-BE-2-225x150.jpg\" class=\"attachment-thumbnail size-thumbnail\" alt=\"Device for adjusting train bogies\" aria-describedby=\"gallery-1-407\" \/><\/a>\n\t\t\t<\/dt>\n\t\t\t\t<dd class='wp-caption-text gallery-caption' id='gallery-1-407'>\n\t\t\t\tDevice for adjusting train bogies\n\t\t\t\t<\/dd><\/dl><br style=\"clear: both\" \/><dl class='gallery-item'>\n\t\t\t<dt class='gallery-icon landscape'>\n\t\t\t\t<a href='https:\/\/www.ergodeveloppement.com\/wp-inside\/uploads\/2015\/04\/visuel-page-ing--nierie-BE-3.png'><img loading=\"lazy\" decoding=\"async\" width=\"225\" height=\"150\" src=\"https:\/\/www.ergodeveloppement.com\/wp-inside\/uploads\/2015\/04\/visuel-page-ing--nierie-BE-3-225x150.png\" class=\"attachment-thumbnail size-thumbnail\" alt=\"Tank for the Pharmaceutical sector\" aria-describedby=\"gallery-1-404\" \/><\/a>\n\t\t\t<\/dt>\n\t\t\t\t<dd class='wp-caption-text gallery-caption' id='gallery-1-404'>\n\t\t\t\tTank for the Pharmaceutical sector\n\t\t\t\t<\/dd><\/dl><dl class='gallery-item'>\n\t\t\t<dt class='gallery-icon landscape'>\n\t\t\t\t<a href='https:\/\/www.ergodeveloppement.com\/wp-inside\/uploads\/2015\/04\/ingenierie.jpg'><img loading=\"lazy\" decoding=\"async\" width=\"225\" height=\"150\" src=\"https:\/\/www.ergodeveloppement.com\/wp-inside\/uploads\/2015\/04\/ingenierie-225x150.jpg\" class=\"attachment-thumbnail size-thumbnail\" alt=\"Cooling carousel\" aria-describedby=\"gallery-1-653\" \/><\/a>\n\t\t\t<\/dt>\n\t\t\t\t<dd class='wp-caption-text gallery-caption' id='gallery-1-653'>\n\t\t\t\tCooling carousel\n\t\t\t\t<\/dd><\/dl><br style=\"clear: both\" \/>\n\t\t<\/div>\n\n","protected":false},"excerpt":{"rendered":"<p>ERGODEVELOPPEMENT\u2122 benefits from the expertise of technicians and engineers qualified in various fields, including: Mechanical design Hydraulic design Automatic control systems Calculations Production of 3D models Production of drawings from customer data and constraints Support in drafting specifications Project management Please feel free to contact our sales and marketing team for more information. Applications From [&hellip;]<\/p>\n","protected":false},"author":3,"featured_media":588,"parent":1012,"menu_order":0,"comment_status":"open","ping_status":"closed","template":"","meta":{"footnotes":""},"class_list":["post-1003","page","type-page","status-publish","has-post-thumbnail","hentry"],"yoast_head":"<!-- This site is optimized with the Yoast SEO plugin v27.4 - https:\/\/yoast.com\/product\/yoast-seo-wordpress\/ -->\n<title>Engineering and Design offices<\/title>\n<meta name=\"description\" content=\"ERGODEVELOPPEMENT\u2122 b\u00e9n\u00e9ficie de l\u2019expertise de techniciens et d\u2019ing\u00e9nieurs qualifi\u00e9s dans diff\u00e9rents domaines dont : Les \u00e9tudes m\u00e9caniques, hydrauliques, l\u2019Automatisme, les Calculs, la R\u00e9alisation de mod\u00e8les 3D, la R\u00e9alisation de plans \u00e0 partir des donn\u00e9es\/ contraintes client, l\u2019Accompagnement dans l\u2019\u00e9laboration du cahier des charges, la gestion de projets. Bureaux d&#039;\u00e9tudes ing\u00e9nierie calculs tuyauterie m\u00e9tallurgie chaudronnerie Alsace maintenance industrielle.\" \/>\n<meta name=\"robots\" content=\"index, follow, max-snippet:-1, max-image-preview:large, max-video-preview:-1\" \/>\n<link rel=\"canonical\" href=\"https:\/\/www.ergodeveloppement.com\/en\/jobs-skills\/engineering-design-offices\/\" \/>\n<meta property=\"og:locale\" content=\"en_US\" \/>\n<meta property=\"og:type\" content=\"article\" \/>\n<meta property=\"og:title\" content=\"Engineering and Design offices\" \/>\n<meta property=\"og:description\" content=\"ERGODEVELOPPEMENT\u2122 b\u00e9n\u00e9ficie de l\u2019expertise de techniciens et d\u2019ing\u00e9nieurs qualifi\u00e9s dans diff\u00e9rents domaines dont : Les \u00e9tudes m\u00e9caniques, hydrauliques, l\u2019Automatisme, les Calculs, la R\u00e9alisation de mod\u00e8les 3D, la R\u00e9alisation de plans \u00e0 partir des donn\u00e9es\/ contraintes client, l\u2019Accompagnement dans l\u2019\u00e9laboration du cahier des charges, la gestion de projets. Bureaux d&#039;\u00e9tudes ing\u00e9nierie calculs tuyauterie m\u00e9tallurgie chaudronnerie Alsace maintenance industrielle.\" \/>\n<meta property=\"og:url\" content=\"https:\/\/www.ergodeveloppement.com\/en\/jobs-skills\/engineering-design-offices\/\" \/>\n<meta property=\"og:site_name\" content=\"Ergo Developpement\" \/>\n<meta property=\"article:modified_time\" content=\"2016-06-14T15:35:28+00:00\" \/>\n<meta property=\"og:image\" content=\"https:\/\/www.ergodeveloppement.com\/wp-inside\/uploads\/2015\/04\/carrousel-ligne-refroidissement.jpeg\" \/>\n\t<meta property=\"og:image:width\" content=\"680\" \/>\n\t<meta property=\"og:image:height\" content=\"481\" \/>\n\t<meta property=\"og:image:type\" content=\"image\/jpeg\" \/>\n<script type=\"application\/ld+json\" class=\"yoast-schema-graph\">{\"@context\":\"https:\\\/\\\/schema.org\",\"@graph\":[{\"@type\":\"WebPage\",\"@id\":\"https:\\\/\\\/www.ergodeveloppement.com\\\/en\\\/jobs-skills\\\/engineering-design-offices\\\/\",\"url\":\"https:\\\/\\\/www.ergodeveloppement.com\\\/en\\\/jobs-skills\\\/engineering-design-offices\\\/\",\"name\":\"Engineering and Design offices\",\"isPartOf\":{\"@id\":\"https:\\\/\\\/www.ergodeveloppement.com\\\/en\\\/#website\"},\"primaryImageOfPage\":{\"@id\":\"https:\\\/\\\/www.ergodeveloppement.com\\\/en\\\/jobs-skills\\\/engineering-design-offices\\\/#primaryimage\"},\"image\":{\"@id\":\"https:\\\/\\\/www.ergodeveloppement.com\\\/en\\\/jobs-skills\\\/engineering-design-offices\\\/#primaryimage\"},\"thumbnailUrl\":\"https:\\\/\\\/www.ergodeveloppement.com\\\/wp-inside\\\/uploads\\\/2015\\\/04\\\/carrousel-ligne-refroidissement.jpeg\",\"datePublished\":\"2015-04-29T13:04:18+00:00\",\"dateModified\":\"2016-06-14T15:35:28+00:00\",\"description\":\"ERGODEVELOPPEMENT\u2122 b\u00e9n\u00e9ficie de l\u2019expertise de techniciens et d\u2019ing\u00e9nieurs qualifi\u00e9s dans diff\u00e9rents domaines dont : Les \u00e9tudes m\u00e9caniques, hydrauliques, l\u2019Automatisme, les Calculs, la R\u00e9alisation de mod\u00e8les 3D, la R\u00e9alisation de plans \u00e0 partir des donn\u00e9es\\\/ contraintes client, l\u2019Accompagnement dans l\u2019\u00e9laboration du cahier des charges, la gestion de projets. Bureaux d'\u00e9tudes ing\u00e9nierie calculs tuyauterie m\u00e9tallurgie chaudronnerie Alsace maintenance industrielle.\",\"breadcrumb\":{\"@id\":\"https:\\\/\\\/www.ergodeveloppement.com\\\/en\\\/jobs-skills\\\/engineering-design-offices\\\/#breadcrumb\"},\"inLanguage\":\"en-US\",\"potentialAction\":[{\"@type\":\"ReadAction\",\"target\":[\"https:\\\/\\\/www.ergodeveloppement.com\\\/en\\\/jobs-skills\\\/engineering-design-offices\\\/\"]}]},{\"@type\":\"ImageObject\",\"inLanguage\":\"en-US\",\"@id\":\"https:\\\/\\\/www.ergodeveloppement.com\\\/en\\\/jobs-skills\\\/engineering-design-offices\\\/#primaryimage\",\"url\":\"https:\\\/\\\/www.ergodeveloppement.com\\\/wp-inside\\\/uploads\\\/2015\\\/04\\\/carrousel-ligne-refroidissement.jpeg\",\"contentUrl\":\"https:\\\/\\\/www.ergodeveloppement.com\\\/wp-inside\\\/uploads\\\/2015\\\/04\\\/carrousel-ligne-refroidissement.jpeg\",\"width\":680,\"height\":481,\"caption\":\"5000T cooling line carousel\"},{\"@type\":\"BreadcrumbList\",\"@id\":\"https:\\\/\\\/www.ergodeveloppement.com\\\/en\\\/jobs-skills\\\/engineering-design-offices\\\/#breadcrumb\",\"itemListElement\":[{\"@type\":\"ListItem\",\"position\":1,\"name\":\"Home\",\"item\":\"https:\\\/\\\/www.ergodeveloppement.com\\\/en\\\/\"},{\"@type\":\"ListItem\",\"position\":2,\"name\":\"Jobs\",\"item\":\"https:\\\/\\\/www.ergodeveloppement.com\\\/en\\\/jobs-skills\\\/\"},{\"@type\":\"ListItem\",\"position\":3,\"name\":\"Ing\u00e9nierie\"}]},{\"@type\":\"WebSite\",\"@id\":\"https:\\\/\\\/www.ergodeveloppement.com\\\/en\\\/#website\",\"url\":\"https:\\\/\\\/www.ergodeveloppement.com\\\/en\\\/\",\"name\":\"Ergo Developpement\",\"description\":\"Engineering, Design offices, Manufacturing and industrial maintenance\",\"potentialAction\":[{\"@type\":\"SearchAction\",\"target\":{\"@type\":\"EntryPoint\",\"urlTemplate\":\"https:\\\/\\\/www.ergodeveloppement.com\\\/en\\\/?s={search_term_string}\"},\"query-input\":{\"@type\":\"PropertyValueSpecification\",\"valueRequired\":true,\"valueName\":\"search_term_string\"}}],\"inLanguage\":\"en-US\"}]}<\/script>\n<!-- \/ Yoast SEO plugin. -->","yoast_head_json":{"title":"Engineering and Design offices","description":"ERGODEVELOPPEMENT\u2122 b\u00e9n\u00e9ficie de l\u2019expertise de techniciens et d\u2019ing\u00e9nieurs qualifi\u00e9s dans diff\u00e9rents domaines dont : Les \u00e9tudes m\u00e9caniques, hydrauliques, l\u2019Automatisme, les Calculs, la R\u00e9alisation de mod\u00e8les 3D, la R\u00e9alisation de plans \u00e0 partir des donn\u00e9es\/ contraintes client, l\u2019Accompagnement dans l\u2019\u00e9laboration du cahier des charges, la gestion de projets. Bureaux d'\u00e9tudes ing\u00e9nierie calculs tuyauterie m\u00e9tallurgie chaudronnerie Alsace maintenance industrielle.","robots":{"index":"index","follow":"follow","max-snippet":"max-snippet:-1","max-image-preview":"max-image-preview:large","max-video-preview":"max-video-preview:-1"},"canonical":"https:\/\/www.ergodeveloppement.com\/en\/jobs-skills\/engineering-design-offices\/","og_locale":"en_US","og_type":"article","og_title":"Engineering and Design offices","og_description":"ERGODEVELOPPEMENT\u2122 b\u00e9n\u00e9ficie de l\u2019expertise de techniciens et d\u2019ing\u00e9nieurs qualifi\u00e9s dans diff\u00e9rents domaines dont : Les \u00e9tudes m\u00e9caniques, hydrauliques, l\u2019Automatisme, les Calculs, la R\u00e9alisation de mod\u00e8les 3D, la R\u00e9alisation de plans \u00e0 partir des donn\u00e9es\/ contraintes client, l\u2019Accompagnement dans l\u2019\u00e9laboration du cahier des charges, la gestion de projets. Bureaux d'\u00e9tudes ing\u00e9nierie calculs tuyauterie m\u00e9tallurgie chaudronnerie Alsace maintenance industrielle.","og_url":"https:\/\/www.ergodeveloppement.com\/en\/jobs-skills\/engineering-design-offices\/","og_site_name":"Ergo Developpement","article_modified_time":"2016-06-14T15:35:28+00:00","og_image":[{"width":680,"height":481,"url":"https:\/\/www.ergodeveloppement.com\/wp-inside\/uploads\/2015\/04\/carrousel-ligne-refroidissement.jpeg","type":"image\/jpeg"}],"schema":{"@context":"https:\/\/schema.org","@graph":[{"@type":"WebPage","@id":"https:\/\/www.ergodeveloppement.com\/en\/jobs-skills\/engineering-design-offices\/","url":"https:\/\/www.ergodeveloppement.com\/en\/jobs-skills\/engineering-design-offices\/","name":"Engineering and Design offices","isPartOf":{"@id":"https:\/\/www.ergodeveloppement.com\/en\/#website"},"primaryImageOfPage":{"@id":"https:\/\/www.ergodeveloppement.com\/en\/jobs-skills\/engineering-design-offices\/#primaryimage"},"image":{"@id":"https:\/\/www.ergodeveloppement.com\/en\/jobs-skills\/engineering-design-offices\/#primaryimage"},"thumbnailUrl":"https:\/\/www.ergodeveloppement.com\/wp-inside\/uploads\/2015\/04\/carrousel-ligne-refroidissement.jpeg","datePublished":"2015-04-29T13:04:18+00:00","dateModified":"2016-06-14T15:35:28+00:00","description":"ERGODEVELOPPEMENT\u2122 b\u00e9n\u00e9ficie de l\u2019expertise de techniciens et d\u2019ing\u00e9nieurs qualifi\u00e9s dans diff\u00e9rents domaines dont : Les \u00e9tudes m\u00e9caniques, hydrauliques, l\u2019Automatisme, les Calculs, la R\u00e9alisation de mod\u00e8les 3D, la R\u00e9alisation de plans \u00e0 partir des donn\u00e9es\/ contraintes client, l\u2019Accompagnement dans l\u2019\u00e9laboration du cahier des charges, la gestion de projets. Bureaux d'\u00e9tudes ing\u00e9nierie calculs tuyauterie m\u00e9tallurgie chaudronnerie Alsace maintenance industrielle.","breadcrumb":{"@id":"https:\/\/www.ergodeveloppement.com\/en\/jobs-skills\/engineering-design-offices\/#breadcrumb"},"inLanguage":"en-US","potentialAction":[{"@type":"ReadAction","target":["https:\/\/www.ergodeveloppement.com\/en\/jobs-skills\/engineering-design-offices\/"]}]},{"@type":"ImageObject","inLanguage":"en-US","@id":"https:\/\/www.ergodeveloppement.com\/en\/jobs-skills\/engineering-design-offices\/#primaryimage","url":"https:\/\/www.ergodeveloppement.com\/wp-inside\/uploads\/2015\/04\/carrousel-ligne-refroidissement.jpeg","contentUrl":"https:\/\/www.ergodeveloppement.com\/wp-inside\/uploads\/2015\/04\/carrousel-ligne-refroidissement.jpeg","width":680,"height":481,"caption":"5000T cooling line carousel"},{"@type":"BreadcrumbList","@id":"https:\/\/www.ergodeveloppement.com\/en\/jobs-skills\/engineering-design-offices\/#breadcrumb","itemListElement":[{"@type":"ListItem","position":1,"name":"Home","item":"https:\/\/www.ergodeveloppement.com\/en\/"},{"@type":"ListItem","position":2,"name":"Jobs","item":"https:\/\/www.ergodeveloppement.com\/en\/jobs-skills\/"},{"@type":"ListItem","position":3,"name":"Ing\u00e9nierie"}]},{"@type":"WebSite","@id":"https:\/\/www.ergodeveloppement.com\/en\/#website","url":"https:\/\/www.ergodeveloppement.com\/en\/","name":"Ergo Developpement","description":"Engineering, Design offices, Manufacturing and industrial maintenance","potentialAction":[{"@type":"SearchAction","target":{"@type":"EntryPoint","urlTemplate":"https:\/\/www.ergodeveloppement.com\/en\/?s={search_term_string}"},"query-input":{"@type":"PropertyValueSpecification","valueRequired":true,"valueName":"search_term_string"}}],"inLanguage":"en-US"}]}},"_links":{"self":[{"href":"https:\/\/www.ergodeveloppement.com\/en\/wp-json\/wp\/v2\/pages\/1003","targetHints":{"allow":["GET"]}}],"collection":[{"href":"https:\/\/www.ergodeveloppement.com\/en\/wp-json\/wp\/v2\/pages"}],"about":[{"href":"https:\/\/www.ergodeveloppement.com\/en\/wp-json\/wp\/v2\/types\/page"}],"author":[{"embeddable":true,"href":"https:\/\/www.ergodeveloppement.com\/en\/wp-json\/wp\/v2\/users\/3"}],"replies":[{"embeddable":true,"href":"https:\/\/www.ergodeveloppement.com\/en\/wp-json\/wp\/v2\/comments?post=1003"}],"version-history":[{"count":5,"href":"https:\/\/www.ergodeveloppement.com\/en\/wp-json\/wp\/v2\/pages\/1003\/revisions"}],"predecessor-version":[{"id":1170,"href":"https:\/\/www.ergodeveloppement.com\/en\/wp-json\/wp\/v2\/pages\/1003\/revisions\/1170"}],"up":[{"embeddable":true,"href":"https:\/\/www.ergodeveloppement.com\/en\/wp-json\/wp\/v2\/pages\/1012"}],"wp:featuredmedia":[{"embeddable":true,"href":"https:\/\/www.ergodeveloppement.com\/en\/wp-json\/wp\/v2\/media\/588"}],"wp:attachment":[{"href":"https:\/\/www.ergodeveloppement.com\/en\/wp-json\/wp\/v2\/media?parent=1003"}],"curies":[{"name":"wp","href":"https:\/\/api.w.org\/{rel}","templated":true}]}}