{"id":980,"date":"2016-06-07T15:48:40","date_gmt":"2016-06-07T14:48:40","guid":{"rendered":"https:\/\/www.ergodeveloppement.com\/de\/?page_id=980"},"modified":"2016-06-07T15:49:27","modified_gmt":"2016-06-07T14:49:27","slug":"konzern","status":"publish","type":"page","link":"https:\/\/www.ergodeveloppement.com\/de\/konzern\/","title":{"rendered":"Unser Konzern ERGODEVELOPPEMENT\u2122"},"content":{"rendered":"<p>Seit mehr als 20 Jahren bietet ERGODEVELOPPEMENT\u2122 industrielle L\u00f6sungen an, die den Anforderungen unserer Kunden entsprechen. Polyvalenz ist eine wahre St\u00e4rke unseres Konzerns. ERGODEVELOPPEMENT\u2122 verf\u00fcgt \u00fcber Planungsb\u00fcros, Fertigungshallen (Kessel- und Beh\u00e4lterbau sowie mechanische Bearbeitung) und Montagehallen, aber auch \u00fcber eigene Instandhaltungsteams. Ziel der Firment\u00e4tigkeit ist die Lieferung schl\u00fcsselfertiger L\u00f6sungen f\u00fcr unsere Kunden.<\/p>\n<p>Der Konzern besteht aus 10 Gesellschaften, deren Know-how von der Vornahme von Berechnungen \u00fcber den Rohrleitungsbau (z. B. Rohrleitungen aus Edelstahl und Kunststoff) bis hin zu Instandhaltungsarbeiten reicht.<\/p>\n","protected":false},"excerpt":{"rendered":"<p>Seit mehr als 20 Jahren bietet ERGODEVELOPPEMENT\u2122 industrielle L\u00f6sungen an, die den Anforderungen unserer Kunden entsprechen. Polyvalenz ist eine wahre St\u00e4rke unseres Konzerns. ERGODEVELOPPEMENT\u2122 verf\u00fcgt \u00fcber Planungsb\u00fcros, Fertigungshallen (Kessel- und Beh\u00e4lterbau sowie mechanische Bearbeitung) und Montagehallen, aber auch \u00fcber eigene Instandhaltungsteams. Ziel der Firment\u00e4tigkeit ist die Lieferung schl\u00fcsselfertiger L\u00f6sungen f\u00fcr unsere Kunden. Der Konzern besteht [&hellip;]<\/p>\n","protected":false},"author":3,"featured_media":1238,"parent":0,"menu_order":0,"comment_status":"open","ping_status":"closed","template":"page-carrefour.php","meta":{"footnotes":""},"class_list":["post-980","page","type-page","status-publish","has-post-thumbnail","hentry"],"yoast_head":"<!-- This site is optimized with the Yoast SEO plugin v27.4 - https:\/\/yoast.com\/product\/yoast-seo-wordpress\/ -->\n<title>Unser Konzern ERGODEVELOPPEMENT\u2122<\/title>\n<meta name=\"robots\" content=\"index, follow, max-snippet:-1, max-image-preview:large, max-video-preview:-1\" \/>\n<link rel=\"canonical\" href=\"https:\/\/www.ergodeveloppement.com\/de\/konzern\/\" \/>\n<meta property=\"og:locale\" content=\"de_DE\" \/>\n<meta property=\"og:type\" content=\"article\" \/>\n<meta property=\"og:title\" content=\"Unser Konzern ERGODEVELOPPEMENT\u2122\" \/>\n<meta property=\"og:description\" content=\"Seit mehr als 20 Jahren bietet ERGODEVELOPPEMENT\u2122 industrielle L\u00f6sungen an, die den Anforderungen unserer Kunden entsprechen. Polyvalenz ist eine wahre St\u00e4rke unseres Konzerns. ERGODEVELOPPEMENT\u2122 verf\u00fcgt \u00fcber Planungsb\u00fcros, Fertigungshallen (Kessel- und Beh\u00e4lterbau sowie mechanische Bearbeitung) und Montagehallen, aber auch \u00fcber eigene Instandhaltungsteams. Ziel der Firment\u00e4tigkeit ist die Lieferung schl\u00fcsselfertiger L\u00f6sungen f\u00fcr unsere Kunden. Der Konzern besteht [&hellip;]\" \/>\n<meta property=\"og:url\" content=\"https:\/\/www.ergodeveloppement.com\/de\/konzern\/\" \/>\n<meta property=\"og:site_name\" content=\"Ergo Developpement\" \/>\n<meta property=\"article:modified_time\" content=\"2016-06-07T14:49:27+00:00\" \/>\n<meta property=\"og:image\" content=\"https:\/\/www.ergodeveloppement.com\/wp-inside\/uploads\/2015\/04\/PHOTO.jpg\" \/>\n\t<meta property=\"og:image:width\" content=\"640\" \/>\n\t<meta property=\"og:image:height\" content=\"270\" \/>\n\t<meta property=\"og:image:type\" content=\"image\/jpeg\" \/>\n<script type=\"application\/ld+json\" class=\"yoast-schema-graph\">{\"@context\":\"https:\\\/\\\/schema.org\",\"@graph\":[{\"@type\":\"WebPage\",\"@id\":\"https:\\\/\\\/www.ergodeveloppement.com\\\/de\\\/konzern\\\/\",\"url\":\"https:\\\/\\\/www.ergodeveloppement.com\\\/de\\\/konzern\\\/\",\"name\":\"Unser Konzern ERGODEVELOPPEMENT\u2122\",\"isPartOf\":{\"@id\":\"https:\\\/\\\/www.ergodeveloppement.com\\\/de\\\/#website\"},\"primaryImageOfPage\":{\"@id\":\"https:\\\/\\\/www.ergodeveloppement.com\\\/de\\\/konzern\\\/#primaryimage\"},\"image\":{\"@id\":\"https:\\\/\\\/www.ergodeveloppement.com\\\/de\\\/konzern\\\/#primaryimage\"},\"thumbnailUrl\":\"https:\\\/\\\/www.ergodeveloppement.com\\\/wp-inside\\\/uploads\\\/2015\\\/04\\\/PHOTO.jpg\",\"datePublished\":\"2016-06-07T14:48:40+00:00\",\"dateModified\":\"2016-06-07T14:49:27+00:00\",\"breadcrumb\":{\"@id\":\"https:\\\/\\\/www.ergodeveloppement.com\\\/de\\\/konzern\\\/#breadcrumb\"},\"inLanguage\":\"de\",\"potentialAction\":[{\"@type\":\"ReadAction\",\"target\":[\"https:\\\/\\\/www.ergodeveloppement.com\\\/de\\\/konzern\\\/\"]}]},{\"@type\":\"ImageObject\",\"inLanguage\":\"de\",\"@id\":\"https:\\\/\\\/www.ergodeveloppement.com\\\/de\\\/konzern\\\/#primaryimage\",\"url\":\"https:\\\/\\\/www.ergodeveloppement.com\\\/wp-inside\\\/uploads\\\/2015\\\/04\\\/PHOTO.jpg\",\"contentUrl\":\"https:\\\/\\\/www.ergodeveloppement.com\\\/wp-inside\\\/uploads\\\/2015\\\/04\\\/PHOTO.jpg\",\"width\":640,\"height\":270},{\"@type\":\"BreadcrumbList\",\"@id\":\"https:\\\/\\\/www.ergodeveloppement.com\\\/de\\\/konzern\\\/#breadcrumb\",\"itemListElement\":[{\"@type\":\"ListItem\",\"position\":1,\"name\":\"Stratseite\",\"item\":\"https:\\\/\\\/www.ergodeveloppement.com\\\/de\\\/\"},{\"@type\":\"ListItem\",\"position\":2,\"name\":\"Konzern\"}]},{\"@type\":\"WebSite\",\"@id\":\"https:\\\/\\\/www.ergodeveloppement.com\\\/de\\\/#website\",\"url\":\"https:\\\/\\\/www.ergodeveloppement.com\\\/de\\\/\",\"name\":\"Ergo Developpement\",\"description\":\"Engineering, Konstruktionsb\u00fcros, Herstellung und industrielle Instandhaltung\",\"potentialAction\":[{\"@type\":\"SearchAction\",\"target\":{\"@type\":\"EntryPoint\",\"urlTemplate\":\"https:\\\/\\\/www.ergodeveloppement.com\\\/de\\\/?s={search_term_string}\"},\"query-input\":{\"@type\":\"PropertyValueSpecification\",\"valueRequired\":true,\"valueName\":\"search_term_string\"}}],\"inLanguage\":\"de\"}]}<\/script>\n<!-- \/ Yoast SEO plugin. -->","yoast_head_json":{"title":"Unser Konzern ERGODEVELOPPEMENT\u2122","robots":{"index":"index","follow":"follow","max-snippet":"max-snippet:-1","max-image-preview":"max-image-preview:large","max-video-preview":"max-video-preview:-1"},"canonical":"https:\/\/www.ergodeveloppement.com\/de\/konzern\/","og_locale":"de_DE","og_type":"article","og_title":"Unser Konzern ERGODEVELOPPEMENT\u2122","og_description":"Seit mehr als 20 Jahren bietet ERGODEVELOPPEMENT\u2122 industrielle L\u00f6sungen an, die den Anforderungen unserer Kunden entsprechen. Polyvalenz ist eine wahre St\u00e4rke unseres Konzerns. ERGODEVELOPPEMENT\u2122 verf\u00fcgt \u00fcber Planungsb\u00fcros, Fertigungshallen (Kessel- und Beh\u00e4lterbau sowie mechanische Bearbeitung) und Montagehallen, aber auch \u00fcber eigene Instandhaltungsteams. Ziel der Firment\u00e4tigkeit ist die Lieferung schl\u00fcsselfertiger L\u00f6sungen f\u00fcr unsere Kunden. Der Konzern besteht [&hellip;]","og_url":"https:\/\/www.ergodeveloppement.com\/de\/konzern\/","og_site_name":"Ergo Developpement","article_modified_time":"2016-06-07T14:49:27+00:00","og_image":[{"width":640,"height":270,"url":"https:\/\/www.ergodeveloppement.com\/wp-inside\/uploads\/2015\/04\/PHOTO.jpg","type":"image\/jpeg"}],"schema":{"@context":"https:\/\/schema.org","@graph":[{"@type":"WebPage","@id":"https:\/\/www.ergodeveloppement.com\/de\/konzern\/","url":"https:\/\/www.ergodeveloppement.com\/de\/konzern\/","name":"Unser Konzern ERGODEVELOPPEMENT\u2122","isPartOf":{"@id":"https:\/\/www.ergodeveloppement.com\/de\/#website"},"primaryImageOfPage":{"@id":"https:\/\/www.ergodeveloppement.com\/de\/konzern\/#primaryimage"},"image":{"@id":"https:\/\/www.ergodeveloppement.com\/de\/konzern\/#primaryimage"},"thumbnailUrl":"https:\/\/www.ergodeveloppement.com\/wp-inside\/uploads\/2015\/04\/PHOTO.jpg","datePublished":"2016-06-07T14:48:40+00:00","dateModified":"2016-06-07T14:49:27+00:00","breadcrumb":{"@id":"https:\/\/www.ergodeveloppement.com\/de\/konzern\/#breadcrumb"},"inLanguage":"de","potentialAction":[{"@type":"ReadAction","target":["https:\/\/www.ergodeveloppement.com\/de\/konzern\/"]}]},{"@type":"ImageObject","inLanguage":"de","@id":"https:\/\/www.ergodeveloppement.com\/de\/konzern\/#primaryimage","url":"https:\/\/www.ergodeveloppement.com\/wp-inside\/uploads\/2015\/04\/PHOTO.jpg","contentUrl":"https:\/\/www.ergodeveloppement.com\/wp-inside\/uploads\/2015\/04\/PHOTO.jpg","width":640,"height":270},{"@type":"BreadcrumbList","@id":"https:\/\/www.ergodeveloppement.com\/de\/konzern\/#breadcrumb","itemListElement":[{"@type":"ListItem","position":1,"name":"Stratseite","item":"https:\/\/www.ergodeveloppement.com\/de\/"},{"@type":"ListItem","position":2,"name":"Konzern"}]},{"@type":"WebSite","@id":"https:\/\/www.ergodeveloppement.com\/de\/#website","url":"https:\/\/www.ergodeveloppement.com\/de\/","name":"Ergo Developpement","description":"Engineering, Konstruktionsb\u00fcros, Herstellung und industrielle Instandhaltung","potentialAction":[{"@type":"SearchAction","target":{"@type":"EntryPoint","urlTemplate":"https:\/\/www.ergodeveloppement.com\/de\/?s={search_term_string}"},"query-input":{"@type":"PropertyValueSpecification","valueRequired":true,"valueName":"search_term_string"}}],"inLanguage":"de"}]}},"_links":{"self":[{"href":"https:\/\/www.ergodeveloppement.com\/de\/wp-json\/wp\/v2\/pages\/980","targetHints":{"allow":["GET"]}}],"collection":[{"href":"https:\/\/www.ergodeveloppement.com\/de\/wp-json\/wp\/v2\/pages"}],"about":[{"href":"https:\/\/www.ergodeveloppement.com\/de\/wp-json\/wp\/v2\/types\/page"}],"author":[{"embeddable":true,"href":"https:\/\/www.ergodeveloppement.com\/de\/wp-json\/wp\/v2\/users\/3"}],"replies":[{"embeddable":true,"href":"https:\/\/www.ergodeveloppement.com\/de\/wp-json\/wp\/v2\/comments?post=980"}],"version-history":[{"count":1,"href":"https:\/\/www.ergodeveloppement.com\/de\/wp-json\/wp\/v2\/pages\/980\/revisions"}],"predecessor-version":[{"id":981,"href":"https:\/\/www.ergodeveloppement.com\/de\/wp-json\/wp\/v2\/pages\/980\/revisions\/981"}],"wp:featuredmedia":[{"embeddable":true,"href":"https:\/\/www.ergodeveloppement.com\/de\/wp-json\/wp\/v2\/media\/1238"}],"wp:attachment":[{"href":"https:\/\/www.ergodeveloppement.com\/de\/wp-json\/wp\/v2\/media?parent=980"}],"curies":[{"name":"wp","href":"https:\/\/api.w.org\/{rel}","templated":true}]}}