{"id":1122,"date":"2016-06-13T14:31:41","date_gmt":"2016-06-13T13:31:41","guid":{"rendered":"https:\/\/www.ergodeveloppement.com\/de\/?page_id=1122"},"modified":"2023-02-21T11:55:29","modified_gmt":"2023-02-21T10:55:29","slug":"impressum","status":"publish","type":"page","link":"https:\/\/www.ergodeveloppement.com\/de\/impressum\/","title":{"rendered":"Impressum"},"content":{"rendered":"<h2>Informationen zur Website<\/h2>\n<p>Sie sind derzeit mit der Website von ERGODEVELOPPEMENT\u2122 verbunden.<br \/>\nAlle Daten und Informationen auf der Website <strong>www.ergodeveloppement.com<\/strong> werden von ERGODEVELOPPEMENT\u2122 der \u00d6ffentlichkeit zur Verf\u00fcgung gestellt.<br \/>\nDurch den Besuch auf unserer Website <strong>www.ergodeveloppement.com<\/strong> verpflichten Sie sich, die Bedingungen in diesem Hinweis zu akzeptieren.<\/p>\n<h2>Herausgeber<\/h2>\n<p><strong>ERGODEVELOPPEMENT\u2122<\/strong><br \/>\nGesch\u00e4ftssitz: 2 aire de la Thur \u2013 68840 PULVERSHEIM (France)<br \/>\nSAS au capital de 100.000 euros<br \/>\nTVA FR45 478 194 491<br \/>\nTel.: +33(0)3 89 83 67 00<\/p>\n<p><strong>Direktor der Ver\u00f6ffentlichung:<\/strong> David Cristini<\/p>\n<h2>Hosting<\/h2>\n<p><strong>OVH<\/strong><br \/>\nRCS Lille M\u00e9tropole 424 761 419 00045<br \/>\nAPE Kode 2620Z<br \/>\nUmsatzsteuer-Identifikationsnummer: FR 22 424 761 419<br \/>\nHauptsitz: 2 rue Kellermann \u2013 59100 Roubaix \u2013 Frankreich<\/p>\n<h2>Konzeption und Referenzierung der Website<\/h2>\n<p><strong>Premi\u00e8re Place<\/strong><br \/>\nSAS mit einem Kapital von 4,860.00 Euro<br \/>\nHauptsitz: 30 rue Fran\u00e7ois Spoerry \u2013 68100 Mulhouse \u2013 Frankreich<br \/>\nTelefon: +33 (0) 3 89 60 71 61<br \/>\ncontact@premiere.place<br \/>\nRCS Mulhouse 489 995 985<br \/>\nUmsatzsteuer-Identifikationsnummer: FR 12 489 995 985<br \/>\n<strong><a href=\"https:\/\/www.premiere.place\/\" target=\"_blank\" rel=\"noopener\">www.premiere.place<\/a><\/strong><\/p>\n<h2>Der Schutz von personenbezogenen Daten auf der Website www.ergodeveloppement.com<\/h2>\n<p>ERGODEVELOPPEMENT\u2122 verpflichtet sich zu Folgendem:<\/p>\n<ul>\n<li>Es werden keine personenbezogenen Informationen ohne Ihr Wissen gesammelt<\/li>\n<li>Es werden keine personenbezogenen Informationen an Dritte weitergegeben<\/li>\n<li>Es werden keine personenbezogenen Informationen f\u00fcr andere als gesetzlich zul\u00e4ssige Zwecke verwendet<\/li>\n<\/ul>\n<p>Gem\u00e4\u00df dem Gesetz \u201eInformatique et Libert\u00e9s (Informatik und Freiheiten)\u201c vom 6. Januar 1978 (Art. 34), haben Sie ein Recht auf Zugriff, \u00c4nderung, Berichtigung und L\u00f6schung der Daten, die sie betreffen. Um dieses Recht auszu\u00fcben, wenden Sie sich ausschlie\u00dflich per Briefpost an: ERGODEVELOPPEMENT\u2122 \u2013 2 aire de la Thur \u2013 68840 PULVERSHEIM (France)<\/p>\n<p>Die Gesamtarchitektur, sowie Inhalt, Live- und Standbilder, Audio, Verfahren, Produkt, Technologie und allgemeines Know-how sowie alle anderen Elemente, die Teil der Website <strong>www.ergodeveloppement.com<\/strong> sind, sind ausschlie\u00dfliches Eigentum von ERGODEVELOPPEMENT\u2122.<br \/>\nJede vollst\u00e4ndige oder teilweise Verwendung, Kopie, Vervielf\u00e4ltigung, Ver\u00f6ffentlichung, Download, Anzeige, \u00dcbermittlung oder Weitergabe in jeglicher Form, ohne die ausdr\u00fcckliche Zustimmung von ERGODEVELOPPEMENT\u2122, ist verboten und wird als eine Verletzung der Bestimmungen des \u201eCode Fran\u00e7ais de la Propri\u00e9t\u00e9 Intellectuelle (Franz\u00f6sisches Gesetzbuch zum geistigen Eigentum)\u201c betrachtet, sofern dies nicht ausdr\u00fccklich durch anwendbares Recht zugelassen ist. ERGODEVELOPPEMENT\u2122, das Logo von ERGODEVELOPPEMENT\u2122 und jede davon abgeleitete Version, sowie die Marken der Handelspartner sind, unabh\u00e4ngig davon, ob es sich um Eigentum von ERGODEVELOPPEMENT\u2122 handelt, eingetragenen Marken. Jede teilweise oder vollst\u00e4ndige Reproduktion solcher Handelsmarken und\/oder solcher Logos ohne die ausdr\u00fcckliche Zustimmung von ERGODEVELOPPEMENT\u2122 ist gem\u00e4\u00df den Bestimmungen des \u201eCode Fran\u00e7ais de la Propri\u00e9t\u00e9 Intellectuelle (Franz\u00f6sische Gesetzessammlung zum geistigen Eigentum)\u201c verboten.<\/p>\n<p>Die Datenbanken, die gegebenenfalls Teil der Website von ERGODEVELOPPEMENT\u2122 sind, sind durch die Bestimmungen des Gesetzes vom 1. Juli 1998 zur Umsetzung der europ\u00e4ischen Richtlinie vom 11. M\u00e4rz 1996 \u00fcber den Rechtsschutz von Datenbanken in den \u201eCode Fran\u00e7ais de la Propri\u00e9t\u00e9 Intellectuelle (Franz\u00f6sische Gesetzessammlung zum geistigen Eigentum)\u201c gesch\u00fctzt. Jede vollst\u00e4ndige oder teilweise Repr\u00e4sentation dieser Datenbanken ohne die ausdr\u00fcckliche Erlaubnis des Betreibers der Website stellt eine F\u00e4lschung dar.<\/p>\n<h2>Nachrichten\u00fcbermittlung<\/h2>\n<p>Alle \u00fcber das Internet \u00fcbermittelten Nachrichten k\u00f6nnen abgefangen werden. Geben Sie keine unn\u00f6tigen oder sensiblen personenbezogenen Daten bekannt. Wenn Sie uns solche Informationen \u00fcbermitteln m\u00f6chten, verwenden Sie unbedingt den Postweg.<\/p>\n<h2>Urheberrecht\u2013 Copyright<\/h2>\n<p>Die gesamte Website unterliegt der franz\u00f6sischen und internationalen Gesetzgebung \u00fcber Urheberrecht und geistiges Eigentum. Alle Rechte auf Vervielf\u00e4ltigung bleiben vorbehalten, auch f\u00fcr Dokumente zum Download und Bilddarstellungen sowie animierte Sequenzen.<br \/>\nDie vollst\u00e4ndige oder teilweise Vervielf\u00e4ltigung oder Darstellung des Inhalts der Website <strong>www.ergodeveloppement.com<\/strong>, ohne die ausdr\u00fcckliche Zustimmung von ERGODEVELOPPEMENT\u2122, ist unabh\u00e4ngig vom verwendeten Verfahren verboten und stellt eine F\u00e4lschung dar.<br \/>\nBei der Verwendung von Informationen von der Website von ERGODEVELOPPEMENT\u2122<strong> www.ergodeveloppement.com<\/strong> muss die Quelle der Information angegeben werden.<br \/>\nDie Website von ERGODEVELOPPEMENT\u2122 muss in der Referenz zwingend angegeben werden.<br \/>\nDie auf dieser Website genannten Marken sind eingetragene Marken ihrer Eigent\u00fcmer.<\/p>\n<h2>Haftung<\/h2>\n<p>Der Inhalt und die Umgebung externer Websites, auf die die Website <strong>www.ergodeveloppement.com<\/strong> m\u00f6glicherweise verweist (insbesondere durch Hypertext-Links) ziehen keine Haftung seitens ERGODEVELOPPEMENT\u2122 nach sich. ERGODEVELOPPEMENT\u2122 haftet nicht f\u00fcr Elemente, die sie nicht selbst eingegeben hat und die aus externen, nicht angemessenen Handlungen resultieren. Obwohl besondere Sorgfalt bei der Erstellung des Inhalts dieser Website angewendet wurde, ist nicht auszuschlie\u00dfen, dass sich versehentlich ein Fehler in den Inhalt eingeschlichen hat.<\/p>\n","protected":false},"excerpt":{"rendered":"<p>Informationen zur Website Sie sind derzeit mit der Website von ERGODEVELOPPEMENT\u2122 verbunden. Alle Daten und Informationen auf der Website www.ergodeveloppement.com werden von ERGODEVELOPPEMENT\u2122 der \u00d6ffentlichkeit zur Verf\u00fcgung gestellt. Durch den Besuch auf unserer Website www.ergodeveloppement.com verpflichten Sie sich, die Bedingungen in diesem Hinweis zu akzeptieren. Herausgeber ERGODEVELOPPEMENT\u2122 Gesch\u00e4ftssitz: 2 aire de la Thur \u2013 68840 [&hellip;]<\/p>\n","protected":false},"author":3,"featured_media":0,"parent":0,"menu_order":0,"comment_status":"open","ping_status":"open","template":"","meta":{"footnotes":""},"class_list":["post-1122","page","type-page","status-publish","hentry"],"yoast_head":"<!-- This site is optimized with the Yoast SEO plugin v27.4 - https:\/\/yoast.com\/product\/yoast-seo-wordpress\/ -->\n<title>Impressum<\/title>\n<meta name=\"robots\" content=\"index, follow, max-snippet:-1, max-image-preview:large, max-video-preview:-1\" \/>\n<link rel=\"canonical\" href=\"https:\/\/www.ergodeveloppement.com\/de\/impressum\/\" \/>\n<meta property=\"og:locale\" content=\"de_DE\" \/>\n<meta property=\"og:type\" content=\"article\" \/>\n<meta property=\"og:title\" content=\"Impressum\" \/>\n<meta property=\"og:description\" content=\"Informationen zur Website Sie sind derzeit mit der Website von ERGODEVELOPPEMENT\u2122 verbunden. Alle Daten und Informationen auf der Website www.ergodeveloppement.com werden von ERGODEVELOPPEMENT\u2122 der \u00d6ffentlichkeit zur Verf\u00fcgung gestellt. Durch den Besuch auf unserer Website www.ergodeveloppement.com verpflichten Sie sich, die Bedingungen in diesem Hinweis zu akzeptieren. Herausgeber ERGODEVELOPPEMENT\u2122 Gesch\u00e4ftssitz: 2 aire de la Thur \u2013 68840 [&hellip;]\" \/>\n<meta property=\"og:url\" content=\"https:\/\/www.ergodeveloppement.com\/de\/impressum\/\" \/>\n<meta property=\"og:site_name\" content=\"Ergo Developpement\" \/>\n<meta property=\"article:modified_time\" content=\"2023-02-21T10:55:29+00:00\" \/>\n<meta name=\"twitter:label1\" content=\"Gesch\u00e4tzte Lesezeit\" \/>\n\t<meta name=\"twitter:data1\" content=\"3\u00a0Minuten\" \/>\n<script type=\"application\/ld+json\" class=\"yoast-schema-graph\">{\"@context\":\"https:\\\/\\\/schema.org\",\"@graph\":[{\"@type\":\"WebPage\",\"@id\":\"https:\\\/\\\/www.ergodeveloppement.com\\\/de\\\/impressum\\\/\",\"url\":\"https:\\\/\\\/www.ergodeveloppement.com\\\/de\\\/impressum\\\/\",\"name\":\"Impressum\",\"isPartOf\":{\"@id\":\"https:\\\/\\\/www.ergodeveloppement.com\\\/de\\\/#website\"},\"datePublished\":\"2016-06-13T13:31:41+00:00\",\"dateModified\":\"2023-02-21T10:55:29+00:00\",\"breadcrumb\":{\"@id\":\"https:\\\/\\\/www.ergodeveloppement.com\\\/de\\\/impressum\\\/#breadcrumb\"},\"inLanguage\":\"de\",\"potentialAction\":[{\"@type\":\"ReadAction\",\"target\":[\"https:\\\/\\\/www.ergodeveloppement.com\\\/de\\\/impressum\\\/\"]}]},{\"@type\":\"BreadcrumbList\",\"@id\":\"https:\\\/\\\/www.ergodeveloppement.com\\\/de\\\/impressum\\\/#breadcrumb\",\"itemListElement\":[{\"@type\":\"ListItem\",\"position\":1,\"name\":\"Stratseite\",\"item\":\"https:\\\/\\\/www.ergodeveloppement.com\\\/de\\\/\"},{\"@type\":\"ListItem\",\"position\":2,\"name\":\"Impressum\"}]},{\"@type\":\"WebSite\",\"@id\":\"https:\\\/\\\/www.ergodeveloppement.com\\\/de\\\/#website\",\"url\":\"https:\\\/\\\/www.ergodeveloppement.com\\\/de\\\/\",\"name\":\"Ergo Developpement\",\"description\":\"Engineering, Konstruktionsb\u00fcros, Herstellung und industrielle Instandhaltung\",\"potentialAction\":[{\"@type\":\"SearchAction\",\"target\":{\"@type\":\"EntryPoint\",\"urlTemplate\":\"https:\\\/\\\/www.ergodeveloppement.com\\\/de\\\/?s={search_term_string}\"},\"query-input\":{\"@type\":\"PropertyValueSpecification\",\"valueRequired\":true,\"valueName\":\"search_term_string\"}}],\"inLanguage\":\"de\"}]}<\/script>\n<!-- \/ Yoast SEO plugin. -->","yoast_head_json":{"title":"Impressum","robots":{"index":"index","follow":"follow","max-snippet":"max-snippet:-1","max-image-preview":"max-image-preview:large","max-video-preview":"max-video-preview:-1"},"canonical":"https:\/\/www.ergodeveloppement.com\/de\/impressum\/","og_locale":"de_DE","og_type":"article","og_title":"Impressum","og_description":"Informationen zur Website Sie sind derzeit mit der Website von ERGODEVELOPPEMENT\u2122 verbunden. Alle Daten und Informationen auf der Website www.ergodeveloppement.com werden von ERGODEVELOPPEMENT\u2122 der \u00d6ffentlichkeit zur Verf\u00fcgung gestellt. Durch den Besuch auf unserer Website www.ergodeveloppement.com verpflichten Sie sich, die Bedingungen in diesem Hinweis zu akzeptieren. Herausgeber ERGODEVELOPPEMENT\u2122 Gesch\u00e4ftssitz: 2 aire de la Thur \u2013 68840 [&hellip;]","og_url":"https:\/\/www.ergodeveloppement.com\/de\/impressum\/","og_site_name":"Ergo Developpement","article_modified_time":"2023-02-21T10:55:29+00:00","twitter_misc":{"Gesch\u00e4tzte Lesezeit":"3\u00a0Minuten"},"schema":{"@context":"https:\/\/schema.org","@graph":[{"@type":"WebPage","@id":"https:\/\/www.ergodeveloppement.com\/de\/impressum\/","url":"https:\/\/www.ergodeveloppement.com\/de\/impressum\/","name":"Impressum","isPartOf":{"@id":"https:\/\/www.ergodeveloppement.com\/de\/#website"},"datePublished":"2016-06-13T13:31:41+00:00","dateModified":"2023-02-21T10:55:29+00:00","breadcrumb":{"@id":"https:\/\/www.ergodeveloppement.com\/de\/impressum\/#breadcrumb"},"inLanguage":"de","potentialAction":[{"@type":"ReadAction","target":["https:\/\/www.ergodeveloppement.com\/de\/impressum\/"]}]},{"@type":"BreadcrumbList","@id":"https:\/\/www.ergodeveloppement.com\/de\/impressum\/#breadcrumb","itemListElement":[{"@type":"ListItem","position":1,"name":"Stratseite","item":"https:\/\/www.ergodeveloppement.com\/de\/"},{"@type":"ListItem","position":2,"name":"Impressum"}]},{"@type":"WebSite","@id":"https:\/\/www.ergodeveloppement.com\/de\/#website","url":"https:\/\/www.ergodeveloppement.com\/de\/","name":"Ergo Developpement","description":"Engineering, Konstruktionsb\u00fcros, Herstellung und industrielle Instandhaltung","potentialAction":[{"@type":"SearchAction","target":{"@type":"EntryPoint","urlTemplate":"https:\/\/www.ergodeveloppement.com\/de\/?s={search_term_string}"},"query-input":{"@type":"PropertyValueSpecification","valueRequired":true,"valueName":"search_term_string"}}],"inLanguage":"de"}]}},"_links":{"self":[{"href":"https:\/\/www.ergodeveloppement.com\/de\/wp-json\/wp\/v2\/pages\/1122","targetHints":{"allow":["GET"]}}],"collection":[{"href":"https:\/\/www.ergodeveloppement.com\/de\/wp-json\/wp\/v2\/pages"}],"about":[{"href":"https:\/\/www.ergodeveloppement.com\/de\/wp-json\/wp\/v2\/types\/page"}],"author":[{"embeddable":true,"href":"https:\/\/www.ergodeveloppement.com\/de\/wp-json\/wp\/v2\/users\/3"}],"replies":[{"embeddable":true,"href":"https:\/\/www.ergodeveloppement.com\/de\/wp-json\/wp\/v2\/comments?post=1122"}],"version-history":[{"count":5,"href":"https:\/\/www.ergodeveloppement.com\/de\/wp-json\/wp\/v2\/pages\/1122\/revisions"}],"predecessor-version":[{"id":6718,"href":"https:\/\/www.ergodeveloppement.com\/de\/wp-json\/wp\/v2\/pages\/1122\/revisions\/6718"}],"wp:attachment":[{"href":"https:\/\/www.ergodeveloppement.com\/de\/wp-json\/wp\/v2\/media?parent=1122"}],"curies":[{"name":"wp","href":"https:\/\/api.w.org\/{rel}","templated":true}]}}