{"id":1084,"date":"2016-06-13T10:08:55","date_gmt":"2016-06-13T09:08:55","guid":{"rendered":"https:\/\/www.ergodeveloppement.com\/de\/?page_id=1084"},"modified":"2016-06-14T18:26:10","modified_gmt":"2016-06-14T17:26:10","slug":"geschaeftsfelder","status":"publish","type":"page","link":"https:\/\/www.ergodeveloppement.com\/de\/geschaeftsfelder\/","title":{"rendered":"Gesch\u00e4ftsfelder"},"content":{"rendered":"<p>ERGODEVELOPPEMENT\u2122 ist ein auf schl\u00fcsselfertige Projekte spezialisierter Konzern, der auf zahlreichen Gebieten zu Hause ist. Diese Polyvalenz und die Ausrichtung auf den Kundenbedarf machen die wahre St\u00e4rke unserer Unternehmensgruppe aus.<\/p>\n<p><img loading=\"lazy\" decoding=\"async\" class=\"wp-image-913 alignleft\" src=\"https:\/\/www.ergodeveloppement.com\/wp-inside\/uploads\/2015\/04\/10.jpg\" width=\"119\" height=\"121\" \/><\/p>\n<h2>AUTOMOBILINDUSTRIE<\/h2>\n<div class=\"clear\"><\/div>\n<div id=\"attachment_459\" class=\"wp-caption aligncenter\" style=\"width:100%;max-width:820px\"><img loading=\"lazy\" decoding=\"async\" class=\"wp-image-459\" src=\"https:\/\/www.ergodeveloppement.com\/wp-inside\/uploads\/2015\/04\/automobile-activite-600x158.jpg\" alt=\"automobile-activite\" width=\"820\" height=\"217\" srcset=\"https:\/\/www.ergodeveloppement.com\/wp-inside\/uploads\/2015\/04\/automobile-activite-600x158.jpg 600w, https:\/\/www.ergodeveloppement.com\/wp-inside\/uploads\/2015\/04\/automobile-activite-416x110.jpg 416w, https:\/\/www.ergodeveloppement.com\/wp-inside\/uploads\/2015\/04\/automobile-activite-719x190.jpg 719w, https:\/\/www.ergodeveloppement.com\/wp-inside\/uploads\/2015\/04\/automobile-activite.jpg 1518w\" sizes=\"auto, (max-width: 820px) 100vw, 820px\" \/><p class=\"wp-caption-text\">Realisierungsbeispiel in der Automobilindustrie<\/p><\/div>\n<p>Eine unserer Gesellschaften ist seit 1972 Partner eines f\u00fchrenden franz\u00f6sischen Automobilbaukonzerns. ERGODEVELOPPEMENT\u2122 ist es gelungen, dieses Vertrauensverh\u00e4ltnis zu bewahren und weiterzuentwickeln.<\/p>\n<p><img loading=\"lazy\" decoding=\"async\" class=\"wp-image-898 alignleft\" src=\"https:\/\/www.ergodeveloppement.com\/wp-inside\/uploads\/2015\/04\/4.jpg\" width=\"123\" height=\"121\" \/><\/p>\n<h2>VERKEHR<\/h2>\n<div class=\"clear\"><\/div>\n<p>ERGODEVELOPPEMENT\u2122 arbeitet auch mit franz\u00f6sischen Industrieunternehmen zusammen, die auf den Verkehrsbereich spezialisiert sind.<\/p>\n\n\t\t<style type=\"text\/css\">\n\t\t\t#gallery-1 {\n\t\t\t\tmargin: auto;\n\t\t\t}\n\t\t\t#gallery-1 .gallery-item {\n\t\t\t\tfloat: left;\n\t\t\t\tmargin-top: 10px;\n\t\t\t\ttext-align: center;\n\t\t\t\twidth: 50%;\n\t\t\t}\n\t\t\t#gallery-1 img {\n\t\t\t\tborder: 2px solid #cfcfcf;\n\t\t\t}\n\t\t\t#gallery-1 .gallery-caption {\n\t\t\t\tmargin-left: 0;\n\t\t\t}\n\t\t\t\/* see gallery_shortcode() in wp-includes\/media.php *\/\n\t\t<\/style>\n\t\t<div id='gallery-1' class='gallery galleryid-1084 gallery-columns-2 gallery-size-thumbnail'><dl class='gallery-item'>\n\t\t\t<dt class='gallery-icon landscape'>\n\t\t\t\t<a href='https:\/\/www.ergodeveloppement.com\/wp-inside\/uploads\/2015\/04\/visuel-page-ing--nierie-et-BE.jpg'><img loading=\"lazy\" decoding=\"async\" width=\"225\" height=\"150\" src=\"https:\/\/www.ergodeveloppement.com\/wp-inside\/uploads\/2015\/04\/visuel-page-ing--nierie-et-BE-225x150.png\" class=\"attachment-thumbnail size-thumbnail\" alt=\"Vorrichtung zur Einstellung von Drehgestellen an Z\u00fcgen\" aria-describedby=\"gallery-1-411\" srcset=\"https:\/\/www.ergodeveloppement.com\/wp-inside\/uploads\/2015\/04\/visuel-page-ing--nierie-et-BE-225x150.png 225w, https:\/\/www.ergodeveloppement.com\/wp-inside\/uploads\/2015\/04\/visuel-page-ing--nierie-et-BE-508x340.png 508w\" sizes=\"auto, (max-width: 225px) 100vw, 225px\" \/><\/a>\n\t\t\t<\/dt>\n\t\t\t\t<dd class='wp-caption-text gallery-caption' id='gallery-1-411'>\n\t\t\t\tVorrichtung zur Einstellung von Drehgestellen an Z\u00fcgen \n\t\t\t\t<\/dd><\/dl><dl class='gallery-item'>\n\t\t\t<dt class='gallery-icon landscape'>\n\t\t\t\t<a href='https:\/\/www.ergodeveloppement.com\/wp-inside\/uploads\/2015\/04\/visuel-page-ing--nierie-et-BE-2.jpg'><img loading=\"lazy\" decoding=\"async\" width=\"225\" height=\"150\" src=\"https:\/\/www.ergodeveloppement.com\/wp-inside\/uploads\/2015\/04\/visuel-page-ing--nierie-et-BE-2-225x150.jpg\" class=\"attachment-thumbnail size-thumbnail\" alt=\"Vorrichtung zur Einstellung von Drehgestellen an Z\u00fcgen\" aria-describedby=\"gallery-1-408\" \/><\/a>\n\t\t\t<\/dt>\n\t\t\t\t<dd class='wp-caption-text gallery-caption' id='gallery-1-408'>\n\t\t\t\tVorrichtung zur Einstellung von Drehgestellen an Z\u00fcgen \n\t\t\t\t<\/dd><\/dl><br style=\"clear: both\" \/>\n\t\t<\/div>\n\n<p><img loading=\"lazy\" decoding=\"async\" class=\"wp-image-916 alignleft\" src=\"https:\/\/www.ergodeveloppement.com\/wp-inside\/uploads\/2015\/04\/11.jpg\" width=\"136\" height=\"141\" \/><\/p>\n<h2>PHARMAZIE<\/h2>\n<div class=\"clear\"><\/div>\n<p>ERGODEVELOPPEMENT\u2122 l\u00e4sst sein Know-how vor allem im Bereich des Rohrleitungsbaus und der Realisierung kompletter Rohrleitungssysteme gro\u00dfen Pharmakonzernen zugute kommen.<\/p>\n<p><img loading=\"lazy\" decoding=\"async\" class=\"wp-image-901 alignleft\" src=\"https:\/\/www.ergodeveloppement.com\/wp-inside\/uploads\/2015\/04\/6.jpg\" width=\"139\" height=\"159\" \/><\/p>\n<h2>CHEMIE<\/h2>\n<div class=\"clear\"><\/div>\n<p>Ganz gleich, ob im Bereich der technischen Assistenz (z. B. Prozessisometrien) oder der Projektrealisierung \u2013 ERGODEVELOPPEMENT\u2122 wei\u00df auf den Bedarf von Chemieunternehmen zu reagieren.<\/p>\n<p><img loading=\"lazy\" decoding=\"async\" class=\"wp-image-904 alignleft\" src=\"https:\/\/www.ergodeveloppement.com\/wp-inside\/uploads\/2015\/04\/7.jpg\" width=\"138\" height=\"130\" \/><\/p>\n<h2>ENERGIE<\/h2>\n<div class=\"clear\"><\/div>\n<p>Seit 2013 ist eine der Gesellschaften von ERGODEVELOPPEMENT\u2122 Partner eines gro\u00dfen Energiekonzerns.<\/p>\n<div id=\"attachment_464\" class=\"wp-caption aligncenter\" style=\"width:100%;max-width:225px\"><a href=\"https:\/\/www.ergodeveloppement.com\/wp-inside\/uploads\/2015\/04\/couvercle-chaudronnerie.jpg\"><img loading=\"lazy\" decoding=\"async\" class=\"wp-image-464 size-thumbnail\" src=\"https:\/\/www.ergodeveloppement.com\/wp-inside\/uploads\/2015\/04\/couvercle-chaudronnerie-225x150.jpg\" alt=\"couvercle chaudronnerie\" width=\"225\" height=\"150\" \/><\/a><p class=\"wp-caption-text\">Beispiel f\u00fcr die Instandsetzung eines Deckels<\/p><\/div>\n<p><img loading=\"lazy\" decoding=\"async\" class=\"wp-image-907 alignleft\" src=\"https:\/\/www.ergodeveloppement.com\/wp-inside\/uploads\/2015\/04\/8.jpg\" width=\"137\" height=\"128\" \/><\/p>\n<h2>H\u00dcTTENWESEN<\/h2>\n<div class=\"clear\"><\/div>\n<p>ERGODEVELOPPEMENT\u2122 arbeitet mit zahlreichen Kunden im Bereich des H\u00fcttenwesens zusammen.<\/p>\n\n\t\t<style type=\"text\/css\">\n\t\t\t#gallery-2 {\n\t\t\t\tmargin: auto;\n\t\t\t}\n\t\t\t#gallery-2 .gallery-item {\n\t\t\t\tfloat: left;\n\t\t\t\tmargin-top: 10px;\n\t\t\t\ttext-align: center;\n\t\t\t\twidth: 50%;\n\t\t\t}\n\t\t\t#gallery-2 img {\n\t\t\t\tborder: 2px solid #cfcfcf;\n\t\t\t}\n\t\t\t#gallery-2 .gallery-caption {\n\t\t\t\tmargin-left: 0;\n\t\t\t}\n\t\t\t\/* see gallery_shortcode() in wp-includes\/media.php *\/\n\t\t<\/style>\n\t\t<div id='gallery-2' class='gallery galleryid-1084 gallery-columns-2 gallery-size-thumbnail'><dl class='gallery-item'>\n\t\t\t<dt class='gallery-icon landscape'>\n\t\t\t\t<a href='https:\/\/www.ergodeveloppement.com\/wp-inside\/uploads\/2015\/04\/carotteuse-sid--rurgie.jpg'><img loading=\"lazy\" decoding=\"async\" width=\"225\" height=\"150\" src=\"https:\/\/www.ergodeveloppement.com\/wp-inside\/uploads\/2015\/04\/carotteuse-sid--rurgie-225x150.jpg\" class=\"attachment-thumbnail size-thumbnail\" alt=\"Beispiel f\u00fcr die Fertigung eines f\u00fcr Kernbohrungen in der Schmelze eingesetzten Bohrger\u00e4ts f\u00fcr ein weltweit f\u00fchrendes H\u00fcttenunternehmen\" aria-describedby=\"gallery-2-469\" \/><\/a>\n\t\t\t<\/dt>\n\t\t\t\t<dd class='wp-caption-text gallery-caption' id='gallery-2-469'>\n\t\t\t\tBeispiel f\u00fcr die Fertigung eines f\u00fcr Kernbohrungen in der Schmelze eingesetzten Bohrger\u00e4ts f\u00fcr ein weltweit f\u00fchrendes H\u00fcttenunternehmen\n\t\t\t\t<\/dd><\/dl><dl class='gallery-item'>\n\t\t\t<dt class='gallery-icon landscape'>\n\t\t\t\t<a href='https:\/\/www.ergodeveloppement.com\/wp-inside\/uploads\/2015\/04\/carotteuse.jpeg'><img loading=\"lazy\" decoding=\"async\" width=\"225\" height=\"150\" src=\"https:\/\/www.ergodeveloppement.com\/wp-inside\/uploads\/2015\/04\/carotteuse-225x150.jpeg\" class=\"attachment-thumbnail size-thumbnail\" alt=\"Beispiel f\u00fcr die Fertigung eines f\u00fcr Kernbohrungen in der Schmelze eingesetzten Bohrger\u00e4ts f\u00fcr ein weltweit f\u00fchrendes H\u00fcttenunternehmen\" aria-describedby=\"gallery-2-478\" \/><\/a>\n\t\t\t<\/dt>\n\t\t\t\t<dd class='wp-caption-text gallery-caption' id='gallery-2-478'>\n\t\t\t\tBeispiel f\u00fcr die Fertigung eines f\u00fcr Kernbohrungen in der Schmelze eingesetzten Bohrger\u00e4ts f\u00fcr ein weltweit f\u00fchrendes H\u00fcttenunternehmen\n\t\t\t\t<\/dd><\/dl><br style=\"clear: both\" \/>\n\t\t<\/div>\n\n<p><img loading=\"lazy\" decoding=\"async\" class=\"wp-image-910 alignleft\" src=\"https:\/\/www.ergodeveloppement.com\/wp-inside\/uploads\/2015\/04\/9.jpg\" width=\"119\" height=\"153\" \/><\/p>\n<h2>UMWELT<\/h2>\n<div class=\"clear\"><\/div>\n<p>Seit einigen Jahren bietet der Konzern ERGODEVELOPPEMENT\u2122 L\u00f6sungen f\u00fcr Industrieunternehmen aus dem Umweltbereich an.<br \/>\nERGODEVELOPPEMENT\u2122 arbeitet beim R\u00fcckbau von Chemiestandorten (Abriss, Dekontaminierung der B\u00f6den) mit Partnern zusammen, kann aber auch Studien durchf\u00fchren und Rohrleitungen f\u00fcr Abwasserbehandlungsanlagen bauen.<\/p>\n\n\t\t<style type=\"text\/css\">\n\t\t\t#gallery-3 {\n\t\t\t\tmargin: auto;\n\t\t\t}\n\t\t\t#gallery-3 .gallery-item {\n\t\t\t\tfloat: left;\n\t\t\t\tmargin-top: 10px;\n\t\t\t\ttext-align: center;\n\t\t\t\twidth: 50%;\n\t\t\t}\n\t\t\t#gallery-3 img {\n\t\t\t\tborder: 2px solid #cfcfcf;\n\t\t\t}\n\t\t\t#gallery-3 .gallery-caption {\n\t\t\t\tmargin-left: 0;\n\t\t\t}\n\t\t\t\/* see gallery_shortcode() in wp-includes\/media.php *\/\n\t\t<\/style>\n\t\t<div id='gallery-3' class='gallery galleryid-1084 gallery-columns-2 gallery-size-thumbnail'><dl class='gallery-item'>\n\t\t\t<dt class='gallery-icon landscape'>\n\t\t\t\t<a href='https:\/\/www.ergodeveloppement.com\/wp-inside\/uploads\/2015\/04\/Station-de-traitement-des-eaux.jpeg'><img loading=\"lazy\" decoding=\"async\" width=\"225\" height=\"150\" src=\"https:\/\/www.ergodeveloppement.com\/wp-inside\/uploads\/2015\/04\/Station-de-traitement-des-eaux-225x150.jpeg\" class=\"attachment-thumbnail size-thumbnail\" alt=\"Abwasserbehandlungsanlage (Rohrleitungssystem f\u00fcr den Gro\u00dfraum Lyon)\" aria-describedby=\"gallery-3-486\" \/><\/a>\n\t\t\t<\/dt>\n\t\t\t\t<dd class='wp-caption-text gallery-caption' id='gallery-3-486'>\n\t\t\t\tAbwasserbehandlungsanlage (Rohrleitungssystem f\u00fcr den Gro\u00dfraum Lyon)\n\t\t\t\t<\/dd><\/dl><dl class='gallery-item'>\n\t\t\t<dt class='gallery-icon portrait'>\n\t\t\t\t<a href='https:\/\/www.ergodeveloppement.com\/wp-inside\/uploads\/2015\/04\/Station-de-traitement-des-eaux2.jpeg'><img loading=\"lazy\" decoding=\"async\" width=\"225\" height=\"150\" src=\"https:\/\/www.ergodeveloppement.com\/wp-inside\/uploads\/2015\/04\/Station-de-traitement-des-eaux2-225x150.jpeg\" class=\"attachment-thumbnail size-thumbnail\" alt=\"Abwasserbehandlungsanlage (Rohrleitungssystem f\u00fcr den Gro\u00dfraum Lyon)\" aria-describedby=\"gallery-3-489\" srcset=\"https:\/\/www.ergodeveloppement.com\/wp-inside\/uploads\/2015\/04\/Station-de-traitement-des-eaux2-225x150.jpeg 225w, https:\/\/www.ergodeveloppement.com\/wp-inside\/uploads\/2015\/04\/Station-de-traitement-des-eaux2-513x340.jpeg 513w\" sizes=\"auto, (max-width: 225px) 100vw, 225px\" \/><\/a>\n\t\t\t<\/dt>\n\t\t\t\t<dd class='wp-caption-text gallery-caption' id='gallery-3-489'>\n\t\t\t\tAbwasserbehandlungsanlage (Rohrleitungssystem f\u00fcr den Gro\u00dfraum Lyon)\n\t\t\t\t<\/dd><\/dl><br style=\"clear: both\" \/><dl class='gallery-item'>\n\t\t\t<dt class='gallery-icon portrait'>\n\t\t\t\t<a href='https:\/\/www.ergodeveloppement.com\/wp-inside\/uploads\/2015\/04\/Station-de-traitement-des-eaux4.jpeg'><img loading=\"lazy\" decoding=\"async\" width=\"225\" height=\"150\" src=\"https:\/\/www.ergodeveloppement.com\/wp-inside\/uploads\/2015\/04\/Station-de-traitement-des-eaux4-225x150.jpeg\" class=\"attachment-thumbnail size-thumbnail\" alt=\"Abwasserbehandlungsanlage (Beh\u00e4lter und Rohrleitungen f\u00fcr die Skistation Valthorens)\" aria-describedby=\"gallery-3-495\" \/><\/a>\n\t\t\t<\/dt>\n\t\t\t\t<dd class='wp-caption-text gallery-caption' id='gallery-3-495'>\n\t\t\t\tAbwasserbehandlungsanlage (Beh\u00e4lter und Rohrleitungen f\u00fcr die Skistation Valthorens)\n\t\t\t\t<\/dd><\/dl><dl class='gallery-item'>\n\t\t\t<dt class='gallery-icon landscape'>\n\t\t\t\t<a href='https:\/\/www.ergodeveloppement.com\/wp-inside\/uploads\/2015\/04\/Station-de-traitement-des-eaux3.jpeg'><img loading=\"lazy\" decoding=\"async\" width=\"225\" height=\"150\" src=\"https:\/\/www.ergodeveloppement.com\/wp-inside\/uploads\/2015\/04\/Station-de-traitement-des-eaux3-225x150.jpeg\" class=\"attachment-thumbnail size-thumbnail\" alt=\"Abwasserbehandlungsanlage (Beh\u00e4lter und Rohrleitungen f\u00fcr die Skistation Valthorens)\" aria-describedby=\"gallery-3-492\" \/><\/a>\n\t\t\t<\/dt>\n\t\t\t\t<dd class='wp-caption-text gallery-caption' id='gallery-3-492'>\n\t\t\t\tAbwasserbehandlungsanlage (Beh\u00e4lter und Rohrleitungen f\u00fcr die Skistation Valthorens)\n\t\t\t\t<\/dd><\/dl><br style=\"clear: both\" \/>\n\t\t<\/div>\n\n","protected":false},"excerpt":{"rendered":"<p>ERGODEVELOPPEMENT\u2122 ist ein auf schl\u00fcsselfertige Projekte spezialisierter Konzern, der auf zahlreichen Gebieten zu Hause ist. Diese Polyvalenz und die Ausrichtung auf den Kundenbedarf machen die wahre St\u00e4rke unserer Unternehmensgruppe aus. AUTOMOBILINDUSTRIE Eine unserer Gesellschaften ist seit 1972 Partner eines f\u00fchrenden franz\u00f6sischen Automobilbaukonzerns. ERGODEVELOPPEMENT\u2122 ist es gelungen, dieses Vertrauensverh\u00e4ltnis zu bewahren und weiterzuentwickeln. VERKEHR ERGODEVELOPPEMENT\u2122 arbeitet [&hellip;]<\/p>\n","protected":false},"author":3,"featured_media":751,"parent":0,"menu_order":0,"comment_status":"open","ping_status":"closed","template":"","meta":{"footnotes":""},"class_list":["post-1084","page","type-page","status-publish","has-post-thumbnail","hentry"],"yoast_head":"<!-- This site is optimized with the Yoast SEO plugin v27.3 - https:\/\/yoast.com\/product\/yoast-seo-wordpress\/ -->\n<title>Gesch\u00e4ftsfelder<\/title>\n<meta name=\"robots\" content=\"index, follow, max-snippet:-1, max-image-preview:large, max-video-preview:-1\" \/>\n<link rel=\"canonical\" href=\"https:\/\/www.ergodeveloppement.com\/de\/geschaeftsfelder\/\" \/>\n<meta property=\"og:locale\" content=\"de_DE\" \/>\n<meta property=\"og:type\" content=\"article\" \/>\n<meta property=\"og:title\" content=\"Gesch\u00e4ftsfelder\" \/>\n<meta property=\"og:description\" content=\"ERGODEVELOPPEMENT\u2122 ist ein auf schl\u00fcsselfertige Projekte spezialisierter Konzern, der auf zahlreichen Gebieten zu Hause ist. Diese Polyvalenz und die Ausrichtung auf den Kundenbedarf machen die wahre St\u00e4rke unserer Unternehmensgruppe aus. AUTOMOBILINDUSTRIE Eine unserer Gesellschaften ist seit 1972 Partner eines f\u00fchrenden franz\u00f6sischen Automobilbaukonzerns. ERGODEVELOPPEMENT\u2122 ist es gelungen, dieses Vertrauensverh\u00e4ltnis zu bewahren und weiterzuentwickeln. VERKEHR ERGODEVELOPPEMENT\u2122 arbeitet [&hellip;]\" \/>\n<meta property=\"og:url\" content=\"https:\/\/www.ergodeveloppement.com\/de\/geschaeftsfelder\/\" \/>\n<meta property=\"og:site_name\" content=\"Ergo Developpement\" \/>\n<meta property=\"article:modified_time\" content=\"2016-06-14T17:26:10+00:00\" \/>\n<meta property=\"og:image\" content=\"https:\/\/www.ergodeveloppement.com\/wp-inside\/uploads\/2015\/05\/les-march--s.jpg\" \/>\n\t<meta property=\"og:image:width\" content=\"1019\" \/>\n\t<meta property=\"og:image:height\" content=\"764\" \/>\n\t<meta property=\"og:image:type\" content=\"image\/png\" \/>\n<meta name=\"twitter:label1\" content=\"Gesch\u00e4tzte Lesezeit\" \/>\n\t<meta name=\"twitter:data1\" content=\"1\u00a0Minute\" \/>\n<script type=\"application\/ld+json\" class=\"yoast-schema-graph\">{\"@context\":\"https:\\\/\\\/schema.org\",\"@graph\":[{\"@type\":\"WebPage\",\"@id\":\"https:\\\/\\\/www.ergodeveloppement.com\\\/de\\\/geschaeftsfelder\\\/\",\"url\":\"https:\\\/\\\/www.ergodeveloppement.com\\\/de\\\/geschaeftsfelder\\\/\",\"name\":\"Gesch\u00e4ftsfelder\",\"isPartOf\":{\"@id\":\"https:\\\/\\\/www.ergodeveloppement.com\\\/de\\\/#website\"},\"primaryImageOfPage\":{\"@id\":\"https:\\\/\\\/www.ergodeveloppement.com\\\/de\\\/geschaeftsfelder\\\/#primaryimage\"},\"image\":{\"@id\":\"https:\\\/\\\/www.ergodeveloppement.com\\\/de\\\/geschaeftsfelder\\\/#primaryimage\"},\"thumbnailUrl\":\"https:\\\/\\\/www.ergodeveloppement.com\\\/wp-inside\\\/uploads\\\/2015\\\/05\\\/les-march--s.jpg\",\"datePublished\":\"2016-06-13T09:08:55+00:00\",\"dateModified\":\"2016-06-14T17:26:10+00:00\",\"breadcrumb\":{\"@id\":\"https:\\\/\\\/www.ergodeveloppement.com\\\/de\\\/geschaeftsfelder\\\/#breadcrumb\"},\"inLanguage\":\"de\",\"potentialAction\":[{\"@type\":\"ReadAction\",\"target\":[\"https:\\\/\\\/www.ergodeveloppement.com\\\/de\\\/geschaeftsfelder\\\/\"]}]},{\"@type\":\"ImageObject\",\"inLanguage\":\"de\",\"@id\":\"https:\\\/\\\/www.ergodeveloppement.com\\\/de\\\/geschaeftsfelder\\\/#primaryimage\",\"url\":\"https:\\\/\\\/www.ergodeveloppement.com\\\/wp-inside\\\/uploads\\\/2015\\\/05\\\/les-march--s.jpg\",\"contentUrl\":\"https:\\\/\\\/www.ergodeveloppement.com\\\/wp-inside\\\/uploads\\\/2015\\\/05\\\/les-march--s.jpg\",\"width\":1019,\"height\":764},{\"@type\":\"BreadcrumbList\",\"@id\":\"https:\\\/\\\/www.ergodeveloppement.com\\\/de\\\/geschaeftsfelder\\\/#breadcrumb\",\"itemListElement\":[{\"@type\":\"ListItem\",\"position\":1,\"name\":\"Stratseite\",\"item\":\"https:\\\/\\\/www.ergodeveloppement.com\\\/de\\\/\"},{\"@type\":\"ListItem\",\"position\":2,\"name\":\"Gesch\u00e4ftsfelder\"}]},{\"@type\":\"WebSite\",\"@id\":\"https:\\\/\\\/www.ergodeveloppement.com\\\/de\\\/#website\",\"url\":\"https:\\\/\\\/www.ergodeveloppement.com\\\/de\\\/\",\"name\":\"Ergo Developpement\",\"description\":\"Engineering, Konstruktionsb\u00fcros, Herstellung und industrielle Instandhaltung\",\"potentialAction\":[{\"@type\":\"SearchAction\",\"target\":{\"@type\":\"EntryPoint\",\"urlTemplate\":\"https:\\\/\\\/www.ergodeveloppement.com\\\/de\\\/?s={search_term_string}\"},\"query-input\":{\"@type\":\"PropertyValueSpecification\",\"valueRequired\":true,\"valueName\":\"search_term_string\"}}],\"inLanguage\":\"de\"}]}<\/script>\n<!-- \/ Yoast SEO plugin. -->","yoast_head_json":{"title":"Gesch\u00e4ftsfelder","robots":{"index":"index","follow":"follow","max-snippet":"max-snippet:-1","max-image-preview":"max-image-preview:large","max-video-preview":"max-video-preview:-1"},"canonical":"https:\/\/www.ergodeveloppement.com\/de\/geschaeftsfelder\/","og_locale":"de_DE","og_type":"article","og_title":"Gesch\u00e4ftsfelder","og_description":"ERGODEVELOPPEMENT\u2122 ist ein auf schl\u00fcsselfertige Projekte spezialisierter Konzern, der auf zahlreichen Gebieten zu Hause ist. Diese Polyvalenz und die Ausrichtung auf den Kundenbedarf machen die wahre St\u00e4rke unserer Unternehmensgruppe aus. AUTOMOBILINDUSTRIE Eine unserer Gesellschaften ist seit 1972 Partner eines f\u00fchrenden franz\u00f6sischen Automobilbaukonzerns. ERGODEVELOPPEMENT\u2122 ist es gelungen, dieses Vertrauensverh\u00e4ltnis zu bewahren und weiterzuentwickeln. VERKEHR ERGODEVELOPPEMENT\u2122 arbeitet [&hellip;]","og_url":"https:\/\/www.ergodeveloppement.com\/de\/geschaeftsfelder\/","og_site_name":"Ergo Developpement","article_modified_time":"2016-06-14T17:26:10+00:00","og_image":[{"width":1019,"height":764,"url":"https:\/\/www.ergodeveloppement.com\/wp-inside\/uploads\/2015\/05\/les-march--s.jpg","type":"image\/png"}],"twitter_misc":{"Gesch\u00e4tzte Lesezeit":"1\u00a0Minute"},"schema":{"@context":"https:\/\/schema.org","@graph":[{"@type":"WebPage","@id":"https:\/\/www.ergodeveloppement.com\/de\/geschaeftsfelder\/","url":"https:\/\/www.ergodeveloppement.com\/de\/geschaeftsfelder\/","name":"Gesch\u00e4ftsfelder","isPartOf":{"@id":"https:\/\/www.ergodeveloppement.com\/de\/#website"},"primaryImageOfPage":{"@id":"https:\/\/www.ergodeveloppement.com\/de\/geschaeftsfelder\/#primaryimage"},"image":{"@id":"https:\/\/www.ergodeveloppement.com\/de\/geschaeftsfelder\/#primaryimage"},"thumbnailUrl":"https:\/\/www.ergodeveloppement.com\/wp-inside\/uploads\/2015\/05\/les-march--s.jpg","datePublished":"2016-06-13T09:08:55+00:00","dateModified":"2016-06-14T17:26:10+00:00","breadcrumb":{"@id":"https:\/\/www.ergodeveloppement.com\/de\/geschaeftsfelder\/#breadcrumb"},"inLanguage":"de","potentialAction":[{"@type":"ReadAction","target":["https:\/\/www.ergodeveloppement.com\/de\/geschaeftsfelder\/"]}]},{"@type":"ImageObject","inLanguage":"de","@id":"https:\/\/www.ergodeveloppement.com\/de\/geschaeftsfelder\/#primaryimage","url":"https:\/\/www.ergodeveloppement.com\/wp-inside\/uploads\/2015\/05\/les-march--s.jpg","contentUrl":"https:\/\/www.ergodeveloppement.com\/wp-inside\/uploads\/2015\/05\/les-march--s.jpg","width":1019,"height":764},{"@type":"BreadcrumbList","@id":"https:\/\/www.ergodeveloppement.com\/de\/geschaeftsfelder\/#breadcrumb","itemListElement":[{"@type":"ListItem","position":1,"name":"Stratseite","item":"https:\/\/www.ergodeveloppement.com\/de\/"},{"@type":"ListItem","position":2,"name":"Gesch\u00e4ftsfelder"}]},{"@type":"WebSite","@id":"https:\/\/www.ergodeveloppement.com\/de\/#website","url":"https:\/\/www.ergodeveloppement.com\/de\/","name":"Ergo Developpement","description":"Engineering, Konstruktionsb\u00fcros, Herstellung und industrielle Instandhaltung","potentialAction":[{"@type":"SearchAction","target":{"@type":"EntryPoint","urlTemplate":"https:\/\/www.ergodeveloppement.com\/de\/?s={search_term_string}"},"query-input":{"@type":"PropertyValueSpecification","valueRequired":true,"valueName":"search_term_string"}}],"inLanguage":"de"}]}},"_links":{"self":[{"href":"https:\/\/www.ergodeveloppement.com\/de\/wp-json\/wp\/v2\/pages\/1084","targetHints":{"allow":["GET"]}}],"collection":[{"href":"https:\/\/www.ergodeveloppement.com\/de\/wp-json\/wp\/v2\/pages"}],"about":[{"href":"https:\/\/www.ergodeveloppement.com\/de\/wp-json\/wp\/v2\/types\/page"}],"author":[{"embeddable":true,"href":"https:\/\/www.ergodeveloppement.com\/de\/wp-json\/wp\/v2\/users\/3"}],"replies":[{"embeddable":true,"href":"https:\/\/www.ergodeveloppement.com\/de\/wp-json\/wp\/v2\/comments?post=1084"}],"version-history":[{"count":5,"href":"https:\/\/www.ergodeveloppement.com\/de\/wp-json\/wp\/v2\/pages\/1084\/revisions"}],"predecessor-version":[{"id":1180,"href":"https:\/\/www.ergodeveloppement.com\/de\/wp-json\/wp\/v2\/pages\/1084\/revisions\/1180"}],"wp:featuredmedia":[{"embeddable":true,"href":"https:\/\/www.ergodeveloppement.com\/de\/wp-json\/wp\/v2\/media\/751"}],"wp:attachment":[{"href":"https:\/\/www.ergodeveloppement.com\/de\/wp-json\/wp\/v2\/media?parent=1084"}],"curies":[{"name":"wp","href":"https:\/\/api.w.org\/{rel}","templated":true}]}}