{"id":1013,"date":"2015-04-28T11:58:49","date_gmt":"2015-04-28T10:58:49","guid":{"rendered":"https:\/\/www.ergodeveloppement.com\/de\/metiers-competences\/"},"modified":"2018-02-07T17:35:51","modified_gmt":"2018-02-07T16:35:51","slug":"leistungen-faehigkeiten","status":"publish","type":"page","link":"https:\/\/www.ergodeveloppement.com\/de\/leistungen-faehigkeiten\/","title":{"rendered":"Leistungen"},"content":{"rendered":"<p>Seit \u00fcber 20 Jahren bietet Ihnen ERGODEVELOPPEMENT\u2122 eine umfassende Palette ma\u00dfgeschneiderter Dienstleistungen an:<\/p>\n<h2>Engineering \u2013 Planungsb\u00fcros<\/h2>\n<p>In unseren Planungsb\u00fcros arbeiten qualifizierte Angestellte, die insbesondere in der Planung im mechanischen und hydraulischen Bereich sowie in der Automatisierung \u00fcber hervorragende Kenntnisse verf\u00fcgen.<\/p>\n<h2>Fertigung<\/h2>\n<p>ERGODEVELOPPEMENT\u2122 verf\u00fcgt \u00fcber:<\/p>\n<ul>\n<li>eigene Fertigungsst\u00e4tten, die es gestatten, das Know-how des Konzerns vor allem in den Bereichen mechanische Bearbeitung, maschinelles Schwei\u00dfen, Schlosserarbeiten und Rohrleitungsbau an die Kunden weiterzugeben,<\/li>\n<li>personelle Ressourcen, um die gesetzten Fristen f\u00fcr die Projektrealisierung, die st\u00e4ndig knapper werden, einhalten zu k\u00f6nnen.<\/li>\n<\/ul>\n<h2>Industrielle Instandhaltung<\/h2>\n<p>Um den Bedarf in der Industrie gerecht zu werden, bietet ERGODEVELOPPEMENT\u2122 verschiedene Dienstleistungen an, die vom Instandhaltungsvertrag bis zur St\u00f6rungsbeseitigung in Notf\u00e4llen reichen.<\/p>\n","protected":false},"excerpt":{"rendered":"<p>Seit \u00fcber 20 Jahren bietet Ihnen ERGODEVELOPPEMENT\u2122 eine umfassende Palette ma\u00dfgeschneiderter Dienstleistungen an: Engineering \u2013 Planungsb\u00fcros In unseren Planungsb\u00fcros arbeiten qualifizierte Angestellte, die insbesondere in der Planung im mechanischen und hydraulischen Bereich sowie in der Automatisierung \u00fcber hervorragende Kenntnisse verf\u00fcgen. Fertigung ERGODEVELOPPEMENT\u2122 verf\u00fcgt \u00fcber: eigene Fertigungsst\u00e4tten, die es gestatten, das Know-how des Konzerns vor allem [&hellip;]<\/p>\n","protected":false},"author":3,"featured_media":0,"parent":0,"menu_order":0,"comment_status":"open","ping_status":"closed","template":"page-carrefour.php","meta":{"footnotes":""},"class_list":["post-1013","page","type-page","status-publish","hentry"],"yoast_head":"<!-- This site is optimized with the Yoast SEO plugin v27.4 - https:\/\/yoast.com\/product\/yoast-seo-wordpress\/ -->\n<title>Leistungen<\/title>\n<meta name=\"robots\" content=\"index, follow, max-snippet:-1, max-image-preview:large, max-video-preview:-1\" \/>\n<link rel=\"canonical\" href=\"https:\/\/www.ergodeveloppement.com\/de\/leistungen-faehigkeiten\/\" \/>\n<meta property=\"og:locale\" content=\"de_DE\" \/>\n<meta property=\"og:type\" content=\"article\" \/>\n<meta property=\"og:title\" content=\"Leistungen\" \/>\n<meta property=\"og:description\" content=\"Seit \u00fcber 20 Jahren bietet Ihnen ERGODEVELOPPEMENT\u2122 eine umfassende Palette ma\u00dfgeschneiderter Dienstleistungen an: Engineering \u2013 Planungsb\u00fcros In unseren Planungsb\u00fcros arbeiten qualifizierte Angestellte, die insbesondere in der Planung im mechanischen und hydraulischen Bereich sowie in der Automatisierung \u00fcber hervorragende Kenntnisse verf\u00fcgen. Fertigung ERGODEVELOPPEMENT\u2122 verf\u00fcgt \u00fcber: eigene Fertigungsst\u00e4tten, die es gestatten, das Know-how des Konzerns vor allem [&hellip;]\" \/>\n<meta property=\"og:url\" content=\"https:\/\/www.ergodeveloppement.com\/de\/leistungen-faehigkeiten\/\" \/>\n<meta property=\"og:site_name\" content=\"Ergo Developpement\" \/>\n<meta property=\"article:modified_time\" content=\"2018-02-07T16:35:51+00:00\" \/>\n<meta name=\"twitter:label1\" content=\"Gesch\u00e4tzte Lesezeit\" \/>\n\t<meta name=\"twitter:data1\" content=\"1\u00a0Minute\" \/>\n<script type=\"application\/ld+json\" class=\"yoast-schema-graph\">{\"@context\":\"https:\\\/\\\/schema.org\",\"@graph\":[{\"@type\":\"WebPage\",\"@id\":\"https:\\\/\\\/www.ergodeveloppement.com\\\/de\\\/leistungen-faehigkeiten\\\/\",\"url\":\"https:\\\/\\\/www.ergodeveloppement.com\\\/de\\\/leistungen-faehigkeiten\\\/\",\"name\":\"Leistungen\",\"isPartOf\":{\"@id\":\"https:\\\/\\\/www.ergodeveloppement.com\\\/de\\\/#website\"},\"datePublished\":\"2015-04-28T10:58:49+00:00\",\"dateModified\":\"2018-02-07T16:35:51+00:00\",\"breadcrumb\":{\"@id\":\"https:\\\/\\\/www.ergodeveloppement.com\\\/de\\\/leistungen-faehigkeiten\\\/#breadcrumb\"},\"inLanguage\":\"de\",\"potentialAction\":[{\"@type\":\"ReadAction\",\"target\":[\"https:\\\/\\\/www.ergodeveloppement.com\\\/de\\\/leistungen-faehigkeiten\\\/\"]}]},{\"@type\":\"BreadcrumbList\",\"@id\":\"https:\\\/\\\/www.ergodeveloppement.com\\\/de\\\/leistungen-faehigkeiten\\\/#breadcrumb\",\"itemListElement\":[{\"@type\":\"ListItem\",\"position\":1,\"name\":\"Stratseite\",\"item\":\"https:\\\/\\\/www.ergodeveloppement.com\\\/de\\\/\"},{\"@type\":\"ListItem\",\"position\":2,\"name\":\"Leistungen\"}]},{\"@type\":\"WebSite\",\"@id\":\"https:\\\/\\\/www.ergodeveloppement.com\\\/de\\\/#website\",\"url\":\"https:\\\/\\\/www.ergodeveloppement.com\\\/de\\\/\",\"name\":\"Ergo Developpement\",\"description\":\"Engineering, Konstruktionsb\u00fcros, Herstellung und industrielle Instandhaltung\",\"potentialAction\":[{\"@type\":\"SearchAction\",\"target\":{\"@type\":\"EntryPoint\",\"urlTemplate\":\"https:\\\/\\\/www.ergodeveloppement.com\\\/de\\\/?s={search_term_string}\"},\"query-input\":{\"@type\":\"PropertyValueSpecification\",\"valueRequired\":true,\"valueName\":\"search_term_string\"}}],\"inLanguage\":\"de\"}]}<\/script>\n<!-- \/ Yoast SEO plugin. -->","yoast_head_json":{"title":"Leistungen","robots":{"index":"index","follow":"follow","max-snippet":"max-snippet:-1","max-image-preview":"max-image-preview:large","max-video-preview":"max-video-preview:-1"},"canonical":"https:\/\/www.ergodeveloppement.com\/de\/leistungen-faehigkeiten\/","og_locale":"de_DE","og_type":"article","og_title":"Leistungen","og_description":"Seit \u00fcber 20 Jahren bietet Ihnen ERGODEVELOPPEMENT\u2122 eine umfassende Palette ma\u00dfgeschneiderter Dienstleistungen an: Engineering \u2013 Planungsb\u00fcros In unseren Planungsb\u00fcros arbeiten qualifizierte Angestellte, die insbesondere in der Planung im mechanischen und hydraulischen Bereich sowie in der Automatisierung \u00fcber hervorragende Kenntnisse verf\u00fcgen. Fertigung ERGODEVELOPPEMENT\u2122 verf\u00fcgt \u00fcber: eigene Fertigungsst\u00e4tten, die es gestatten, das Know-how des Konzerns vor allem [&hellip;]","og_url":"https:\/\/www.ergodeveloppement.com\/de\/leistungen-faehigkeiten\/","og_site_name":"Ergo Developpement","article_modified_time":"2018-02-07T16:35:51+00:00","twitter_misc":{"Gesch\u00e4tzte Lesezeit":"1\u00a0Minute"},"schema":{"@context":"https:\/\/schema.org","@graph":[{"@type":"WebPage","@id":"https:\/\/www.ergodeveloppement.com\/de\/leistungen-faehigkeiten\/","url":"https:\/\/www.ergodeveloppement.com\/de\/leistungen-faehigkeiten\/","name":"Leistungen","isPartOf":{"@id":"https:\/\/www.ergodeveloppement.com\/de\/#website"},"datePublished":"2015-04-28T10:58:49+00:00","dateModified":"2018-02-07T16:35:51+00:00","breadcrumb":{"@id":"https:\/\/www.ergodeveloppement.com\/de\/leistungen-faehigkeiten\/#breadcrumb"},"inLanguage":"de","potentialAction":[{"@type":"ReadAction","target":["https:\/\/www.ergodeveloppement.com\/de\/leistungen-faehigkeiten\/"]}]},{"@type":"BreadcrumbList","@id":"https:\/\/www.ergodeveloppement.com\/de\/leistungen-faehigkeiten\/#breadcrumb","itemListElement":[{"@type":"ListItem","position":1,"name":"Stratseite","item":"https:\/\/www.ergodeveloppement.com\/de\/"},{"@type":"ListItem","position":2,"name":"Leistungen"}]},{"@type":"WebSite","@id":"https:\/\/www.ergodeveloppement.com\/de\/#website","url":"https:\/\/www.ergodeveloppement.com\/de\/","name":"Ergo Developpement","description":"Engineering, Konstruktionsb\u00fcros, Herstellung und industrielle Instandhaltung","potentialAction":[{"@type":"SearchAction","target":{"@type":"EntryPoint","urlTemplate":"https:\/\/www.ergodeveloppement.com\/de\/?s={search_term_string}"},"query-input":{"@type":"PropertyValueSpecification","valueRequired":true,"valueName":"search_term_string"}}],"inLanguage":"de"}]}},"_links":{"self":[{"href":"https:\/\/www.ergodeveloppement.com\/de\/wp-json\/wp\/v2\/pages\/1013","targetHints":{"allow":["GET"]}}],"collection":[{"href":"https:\/\/www.ergodeveloppement.com\/de\/wp-json\/wp\/v2\/pages"}],"about":[{"href":"https:\/\/www.ergodeveloppement.com\/de\/wp-json\/wp\/v2\/types\/page"}],"author":[{"embeddable":true,"href":"https:\/\/www.ergodeveloppement.com\/de\/wp-json\/wp\/v2\/users\/3"}],"replies":[{"embeddable":true,"href":"https:\/\/www.ergodeveloppement.com\/de\/wp-json\/wp\/v2\/comments?post=1013"}],"version-history":[{"count":5,"href":"https:\/\/www.ergodeveloppement.com\/de\/wp-json\/wp\/v2\/pages\/1013\/revisions"}],"predecessor-version":[{"id":1643,"href":"https:\/\/www.ergodeveloppement.com\/de\/wp-json\/wp\/v2\/pages\/1013\/revisions\/1643"}],"wp:attachment":[{"href":"https:\/\/www.ergodeveloppement.com\/de\/wp-json\/wp\/v2\/media?parent=1013"}],"curies":[{"name":"wp","href":"https:\/\/api.w.org\/{rel}","templated":true}]}}