{"id":1007,"date":"2015-04-29T14:04:18","date_gmt":"2015-04-29T13:04:18","guid":{"rendered":"https:\/\/www.ergodeveloppement.com\/de\/ingenierie-bureaux-etudes\/"},"modified":"2016-06-14T16:35:23","modified_gmt":"2016-06-14T15:35:23","slug":"engineering-planungsbueros","status":"publish","type":"page","link":"https:\/\/www.ergodeveloppement.com\/de\/leistungen-faehigkeiten\/engineering-planungsbueros\/","title":{"rendered":"Engineering und Planungsb\u00fcros"},"content":{"rendered":"<p>ERGODEVELOPPEMENT\u2122 kann auf das Know-how qualifizierter Techniker und Ingenieure auf zahlreichen Gebieten zur\u00fcckgreifen. Dazu geh\u00f6ren:<\/p>\n<ul>\n<li>Planung im Bereich Mechanik<\/li>\n<li>Planung im Bereich Hydraulik<\/li>\n<li>Automatisierung<\/li>\n<li>Berechnungen<\/li>\n<li>Erstellung von 3D-Modellen<\/li>\n<li>Erstellen von Zeichnungen ausgehend von den kundenseitigen Daten\/Vorgaben<\/li>\n<li>Begleitung bei der Erarbeitung des Pflichtenhefts<\/li>\n<li>Projektmanagement<\/li>\n<\/ul>\n<p>Weitere Informationen erhalten Sie bei unserem kaufm\u00e4nnischen Team.<\/p>\n<div id=\"attachment_400\" class=\"wp-caption aligncenter\" style=\"width:100%;max-width:600px\"><img loading=\"lazy\" decoding=\"async\" class=\"wp-image-400 size-large\" src=\"https:\/\/www.ergodeveloppement.com\/wp-inside\/uploads\/2015\/04\/visuel-BE-page-soci--t--s-600x450.jpg\" alt=\"Un de nos bureaux d\u2019\u00e9tudes bas\u00e9 \u00e0 Pulversheim (68)\" width=\"600\" height=\"450\" srcset=\"https:\/\/www.ergodeveloppement.com\/wp-inside\/uploads\/2015\/04\/visuel-BE-page-soci--t--s-600x450.jpg 600w, https:\/\/www.ergodeveloppement.com\/wp-inside\/uploads\/2015\/04\/visuel-BE-page-soci--t--s-416x312.jpg 416w, https:\/\/www.ergodeveloppement.com\/wp-inside\/uploads\/2015\/04\/visuel-BE-page-soci--t--s-719x539.jpg 719w, https:\/\/www.ergodeveloppement.com\/wp-inside\/uploads\/2015\/04\/visuel-BE-page-soci--t--s.jpg 1024w\" sizes=\"auto, (max-width: 600px) 100vw, 600px\" \/><p class=\"wp-caption-text\">Eines unserer Planungsb\u00fcros (Pulversheim, Haut-Rhin, France)<\/p><\/div>\n<h2>Realisierungsbeispiele<\/h2>\n<p>Von der Projektierung zur Fertigung:<\/p>\n\n\t\t<style type=\"text\/css\">\n\t\t\t#gallery-1 {\n\t\t\t\tmargin: auto;\n\t\t\t}\n\t\t\t#gallery-1 .gallery-item {\n\t\t\t\tfloat: left;\n\t\t\t\tmargin-top: 10px;\n\t\t\t\ttext-align: center;\n\t\t\t\twidth: 50%;\n\t\t\t}\n\t\t\t#gallery-1 img {\n\t\t\t\tborder: 2px solid #cfcfcf;\n\t\t\t}\n\t\t\t#gallery-1 .gallery-caption {\n\t\t\t\tmargin-left: 0;\n\t\t\t}\n\t\t\t\/* see gallery_shortcode() in wp-includes\/media.php *\/\n\t\t<\/style>\n\t\t<div id='gallery-1' class='gallery galleryid-1007 gallery-columns-2 gallery-size-thumbnail'><dl class='gallery-item'>\n\t\t\t<dt class='gallery-icon landscape'>\n\t\t\t\t<a href='https:\/\/www.ergodeveloppement.com\/wp-inside\/uploads\/2015\/04\/visuel-page-ing--nierie-et-BE.jpg'><img loading=\"lazy\" decoding=\"async\" width=\"225\" height=\"150\" src=\"https:\/\/www.ergodeveloppement.com\/wp-inside\/uploads\/2015\/04\/visuel-page-ing--nierie-et-BE-225x150.png\" class=\"attachment-thumbnail size-thumbnail\" alt=\"Vorrichtung zur Einstellung von Drehgestellen an Z\u00fcgen\" aria-describedby=\"gallery-1-411\" srcset=\"https:\/\/www.ergodeveloppement.com\/wp-inside\/uploads\/2015\/04\/visuel-page-ing--nierie-et-BE-225x150.png 225w, https:\/\/www.ergodeveloppement.com\/wp-inside\/uploads\/2015\/04\/visuel-page-ing--nierie-et-BE-508x340.png 508w\" sizes=\"auto, (max-width: 225px) 100vw, 225px\" \/><\/a>\n\t\t\t<\/dt>\n\t\t\t\t<dd class='wp-caption-text gallery-caption' id='gallery-1-411'>\n\t\t\t\tVorrichtung zur Einstellung von Drehgestellen an Z\u00fcgen \n\t\t\t\t<\/dd><\/dl><dl class='gallery-item'>\n\t\t\t<dt class='gallery-icon landscape'>\n\t\t\t\t<a href='https:\/\/www.ergodeveloppement.com\/wp-inside\/uploads\/2015\/04\/visuel-page-ing--nierie-et-BE-2.jpg'><img loading=\"lazy\" decoding=\"async\" width=\"225\" height=\"150\" src=\"https:\/\/www.ergodeveloppement.com\/wp-inside\/uploads\/2015\/04\/visuel-page-ing--nierie-et-BE-2-225x150.jpg\" class=\"attachment-thumbnail size-thumbnail\" alt=\"Vorrichtung zur Einstellung von Drehgestellen an Z\u00fcgen\" aria-describedby=\"gallery-1-408\" \/><\/a>\n\t\t\t<\/dt>\n\t\t\t\t<dd class='wp-caption-text gallery-caption' id='gallery-1-408'>\n\t\t\t\tVorrichtung zur Einstellung von Drehgestellen an Z\u00fcgen \n\t\t\t\t<\/dd><\/dl><br style=\"clear: both\" \/><dl class='gallery-item'>\n\t\t\t<dt class='gallery-icon landscape'>\n\t\t\t\t<a href='https:\/\/www.ergodeveloppement.com\/wp-inside\/uploads\/2015\/04\/visuel-page-ing--nierie-BE-3.png'><img loading=\"lazy\" decoding=\"async\" width=\"225\" height=\"150\" src=\"https:\/\/www.ergodeveloppement.com\/wp-inside\/uploads\/2015\/04\/visuel-page-ing--nierie-BE-3-225x150.png\" class=\"attachment-thumbnail size-thumbnail\" alt=\"Beh\u00e4lter f\u00fcr den pharmazeutischen Bereich\" aria-describedby=\"gallery-1-405\" \/><\/a>\n\t\t\t<\/dt>\n\t\t\t\t<dd class='wp-caption-text gallery-caption' id='gallery-1-405'>\n\t\t\t\tBeh\u00e4lter f\u00fcr den pharmazeutischen Bereich\n\t\t\t\t<\/dd><\/dl><dl class='gallery-item'>\n\t\t\t<dt class='gallery-icon landscape'>\n\t\t\t\t<a href='https:\/\/www.ergodeveloppement.com\/wp-inside\/uploads\/2015\/04\/ingenierie.jpg'><img loading=\"lazy\" decoding=\"async\" width=\"225\" height=\"150\" src=\"https:\/\/www.ergodeveloppement.com\/wp-inside\/uploads\/2015\/04\/ingenierie-225x150.jpg\" class=\"attachment-thumbnail size-thumbnail\" alt=\"K\u00fchlkarussell\" aria-describedby=\"gallery-1-654\" \/><\/a>\n\t\t\t<\/dt>\n\t\t\t\t<dd class='wp-caption-text gallery-caption' id='gallery-1-654'>\n\t\t\t\tK\u00fchlkarussell\n\t\t\t\t<\/dd><\/dl><br style=\"clear: both\" \/>\n\t\t<\/div>\n\n","protected":false},"excerpt":{"rendered":"<p>ERGODEVELOPPEMENT\u2122 kann auf das Know-how qualifizierter Techniker und Ingenieure auf zahlreichen Gebieten zur\u00fcckgreifen. Dazu geh\u00f6ren: Planung im Bereich Mechanik Planung im Bereich Hydraulik Automatisierung Berechnungen Erstellung von 3D-Modellen Erstellen von Zeichnungen ausgehend von den kundenseitigen Daten\/Vorgaben Begleitung bei der Erarbeitung des Pflichtenhefts Projektmanagement Weitere Informationen erhalten Sie bei unserem kaufm\u00e4nnischen Team. Realisierungsbeispiele Von der Projektierung [&hellip;]<\/p>\n","protected":false},"author":3,"featured_media":589,"parent":1013,"menu_order":0,"comment_status":"open","ping_status":"closed","template":"","meta":{"footnotes":""},"class_list":["post-1007","page","type-page","status-publish","has-post-thumbnail","hentry"],"yoast_head":"<!-- This site is optimized with the Yoast SEO plugin v27.4 - https:\/\/yoast.com\/product\/yoast-seo-wordpress\/ -->\n<title>Engineering und Planungsb\u00fcros<\/title>\n<meta name=\"description\" content=\"ERGODEVELOPPEMENT\u2122 b\u00e9n\u00e9ficie de l\u2019expertise de techniciens et d\u2019ing\u00e9nieurs qualifi\u00e9s dans diff\u00e9rents domaines dont : Les \u00e9tudes m\u00e9caniques, hydrauliques, l\u2019Automatisme, les Calculs, la R\u00e9alisation de mod\u00e8les 3D, la R\u00e9alisation de plans \u00e0 partir des donn\u00e9es\/ contraintes client, l\u2019Accompagnement dans l\u2019\u00e9laboration du cahier des charges, la gestion de projets. Bureaux d&#039;\u00e9tudes ing\u00e9nierie calculs tuyauterie m\u00e9tallurgie chaudronnerie Alsace maintenance industrielle.\" \/>\n<meta name=\"robots\" content=\"index, follow, max-snippet:-1, max-image-preview:large, max-video-preview:-1\" \/>\n<link rel=\"canonical\" href=\"https:\/\/www.ergodeveloppement.com\/de\/leistungen-faehigkeiten\/engineering-planungsbueros\/\" \/>\n<meta property=\"og:locale\" content=\"de_DE\" \/>\n<meta property=\"og:type\" content=\"article\" \/>\n<meta property=\"og:title\" content=\"Engineering und Planungsb\u00fcros\" \/>\n<meta property=\"og:description\" content=\"ERGODEVELOPPEMENT\u2122 b\u00e9n\u00e9ficie de l\u2019expertise de techniciens et d\u2019ing\u00e9nieurs qualifi\u00e9s dans diff\u00e9rents domaines dont : Les \u00e9tudes m\u00e9caniques, hydrauliques, l\u2019Automatisme, les Calculs, la R\u00e9alisation de mod\u00e8les 3D, la R\u00e9alisation de plans \u00e0 partir des donn\u00e9es\/ contraintes client, l\u2019Accompagnement dans l\u2019\u00e9laboration du cahier des charges, la gestion de projets. Bureaux d&#039;\u00e9tudes ing\u00e9nierie calculs tuyauterie m\u00e9tallurgie chaudronnerie Alsace maintenance industrielle.\" \/>\n<meta property=\"og:url\" content=\"https:\/\/www.ergodeveloppement.com\/de\/leistungen-faehigkeiten\/engineering-planungsbueros\/\" \/>\n<meta property=\"og:site_name\" content=\"Ergo Developpement\" \/>\n<meta property=\"article:modified_time\" content=\"2016-06-14T15:35:23+00:00\" \/>\n<meta property=\"og:image\" content=\"https:\/\/www.ergodeveloppement.com\/wp-inside\/uploads\/2015\/04\/carrousel-ligne-refroidissement.jpeg\" \/>\n\t<meta property=\"og:image:width\" content=\"680\" \/>\n\t<meta property=\"og:image:height\" content=\"481\" \/>\n\t<meta property=\"og:image:type\" content=\"image\/jpeg\" \/>\n<script type=\"application\/ld+json\" class=\"yoast-schema-graph\">{\"@context\":\"https:\\\/\\\/schema.org\",\"@graph\":[{\"@type\":\"WebPage\",\"@id\":\"https:\\\/\\\/www.ergodeveloppement.com\\\/de\\\/leistungen-faehigkeiten\\\/engineering-planungsbueros\\\/\",\"url\":\"https:\\\/\\\/www.ergodeveloppement.com\\\/de\\\/leistungen-faehigkeiten\\\/engineering-planungsbueros\\\/\",\"name\":\"Engineering und Planungsb\u00fcros\",\"isPartOf\":{\"@id\":\"https:\\\/\\\/www.ergodeveloppement.com\\\/de\\\/#website\"},\"primaryImageOfPage\":{\"@id\":\"https:\\\/\\\/www.ergodeveloppement.com\\\/de\\\/leistungen-faehigkeiten\\\/engineering-planungsbueros\\\/#primaryimage\"},\"image\":{\"@id\":\"https:\\\/\\\/www.ergodeveloppement.com\\\/de\\\/leistungen-faehigkeiten\\\/engineering-planungsbueros\\\/#primaryimage\"},\"thumbnailUrl\":\"https:\\\/\\\/www.ergodeveloppement.com\\\/wp-inside\\\/uploads\\\/2015\\\/04\\\/carrousel-ligne-refroidissement.jpeg\",\"datePublished\":\"2015-04-29T13:04:18+00:00\",\"dateModified\":\"2016-06-14T15:35:23+00:00\",\"description\":\"ERGODEVELOPPEMENT\u2122 b\u00e9n\u00e9ficie de l\u2019expertise de techniciens et d\u2019ing\u00e9nieurs qualifi\u00e9s dans diff\u00e9rents domaines dont : Les \u00e9tudes m\u00e9caniques, hydrauliques, l\u2019Automatisme, les Calculs, la R\u00e9alisation de mod\u00e8les 3D, la R\u00e9alisation de plans \u00e0 partir des donn\u00e9es\\\/ contraintes client, l\u2019Accompagnement dans l\u2019\u00e9laboration du cahier des charges, la gestion de projets. Bureaux d'\u00e9tudes ing\u00e9nierie calculs tuyauterie m\u00e9tallurgie chaudronnerie Alsace maintenance industrielle.\",\"breadcrumb\":{\"@id\":\"https:\\\/\\\/www.ergodeveloppement.com\\\/de\\\/leistungen-faehigkeiten\\\/engineering-planungsbueros\\\/#breadcrumb\"},\"inLanguage\":\"de\",\"potentialAction\":[{\"@type\":\"ReadAction\",\"target\":[\"https:\\\/\\\/www.ergodeveloppement.com\\\/de\\\/leistungen-faehigkeiten\\\/engineering-planungsbueros\\\/\"]}]},{\"@type\":\"ImageObject\",\"inLanguage\":\"de\",\"@id\":\"https:\\\/\\\/www.ergodeveloppement.com\\\/de\\\/leistungen-faehigkeiten\\\/engineering-planungsbueros\\\/#primaryimage\",\"url\":\"https:\\\/\\\/www.ergodeveloppement.com\\\/wp-inside\\\/uploads\\\/2015\\\/04\\\/carrousel-ligne-refroidissement.jpeg\",\"contentUrl\":\"https:\\\/\\\/www.ergodeveloppement.com\\\/wp-inside\\\/uploads\\\/2015\\\/04\\\/carrousel-ligne-refroidissement.jpeg\",\"width\":680,\"height\":481,\"caption\":\"K\u00fchlkarussell 5000T\"},{\"@type\":\"BreadcrumbList\",\"@id\":\"https:\\\/\\\/www.ergodeveloppement.com\\\/de\\\/leistungen-faehigkeiten\\\/engineering-planungsbueros\\\/#breadcrumb\",\"itemListElement\":[{\"@type\":\"ListItem\",\"position\":1,\"name\":\"Stratseite\",\"item\":\"https:\\\/\\\/www.ergodeveloppement.com\\\/de\\\/\"},{\"@type\":\"ListItem\",\"position\":2,\"name\":\"Leistungen\",\"item\":\"https:\\\/\\\/www.ergodeveloppement.com\\\/de\\\/leistungen-faehigkeiten\\\/\"},{\"@type\":\"ListItem\",\"position\":3,\"name\":\"Ing\u00e9nierie\"}]},{\"@type\":\"WebSite\",\"@id\":\"https:\\\/\\\/www.ergodeveloppement.com\\\/de\\\/#website\",\"url\":\"https:\\\/\\\/www.ergodeveloppement.com\\\/de\\\/\",\"name\":\"Ergo Developpement\",\"description\":\"Engineering, Konstruktionsb\u00fcros, Herstellung und industrielle Instandhaltung\",\"potentialAction\":[{\"@type\":\"SearchAction\",\"target\":{\"@type\":\"EntryPoint\",\"urlTemplate\":\"https:\\\/\\\/www.ergodeveloppement.com\\\/de\\\/?s={search_term_string}\"},\"query-input\":{\"@type\":\"PropertyValueSpecification\",\"valueRequired\":true,\"valueName\":\"search_term_string\"}}],\"inLanguage\":\"de\"}]}<\/script>\n<!-- \/ Yoast SEO plugin. -->","yoast_head_json":{"title":"Engineering und Planungsb\u00fcros","description":"ERGODEVELOPPEMENT\u2122 b\u00e9n\u00e9ficie de l\u2019expertise de techniciens et d\u2019ing\u00e9nieurs qualifi\u00e9s dans diff\u00e9rents domaines dont : Les \u00e9tudes m\u00e9caniques, hydrauliques, l\u2019Automatisme, les Calculs, la R\u00e9alisation de mod\u00e8les 3D, la R\u00e9alisation de plans \u00e0 partir des donn\u00e9es\/ contraintes client, l\u2019Accompagnement dans l\u2019\u00e9laboration du cahier des charges, la gestion de projets. Bureaux d'\u00e9tudes ing\u00e9nierie calculs tuyauterie m\u00e9tallurgie chaudronnerie Alsace maintenance industrielle.","robots":{"index":"index","follow":"follow","max-snippet":"max-snippet:-1","max-image-preview":"max-image-preview:large","max-video-preview":"max-video-preview:-1"},"canonical":"https:\/\/www.ergodeveloppement.com\/de\/leistungen-faehigkeiten\/engineering-planungsbueros\/","og_locale":"de_DE","og_type":"article","og_title":"Engineering und Planungsb\u00fcros","og_description":"ERGODEVELOPPEMENT\u2122 b\u00e9n\u00e9ficie de l\u2019expertise de techniciens et d\u2019ing\u00e9nieurs qualifi\u00e9s dans diff\u00e9rents domaines dont : Les \u00e9tudes m\u00e9caniques, hydrauliques, l\u2019Automatisme, les Calculs, la R\u00e9alisation de mod\u00e8les 3D, la R\u00e9alisation de plans \u00e0 partir des donn\u00e9es\/ contraintes client, l\u2019Accompagnement dans l\u2019\u00e9laboration du cahier des charges, la gestion de projets. Bureaux d'\u00e9tudes ing\u00e9nierie calculs tuyauterie m\u00e9tallurgie chaudronnerie Alsace maintenance industrielle.","og_url":"https:\/\/www.ergodeveloppement.com\/de\/leistungen-faehigkeiten\/engineering-planungsbueros\/","og_site_name":"Ergo Developpement","article_modified_time":"2016-06-14T15:35:23+00:00","og_image":[{"width":680,"height":481,"url":"https:\/\/www.ergodeveloppement.com\/wp-inside\/uploads\/2015\/04\/carrousel-ligne-refroidissement.jpeg","type":"image\/jpeg"}],"schema":{"@context":"https:\/\/schema.org","@graph":[{"@type":"WebPage","@id":"https:\/\/www.ergodeveloppement.com\/de\/leistungen-faehigkeiten\/engineering-planungsbueros\/","url":"https:\/\/www.ergodeveloppement.com\/de\/leistungen-faehigkeiten\/engineering-planungsbueros\/","name":"Engineering und Planungsb\u00fcros","isPartOf":{"@id":"https:\/\/www.ergodeveloppement.com\/de\/#website"},"primaryImageOfPage":{"@id":"https:\/\/www.ergodeveloppement.com\/de\/leistungen-faehigkeiten\/engineering-planungsbueros\/#primaryimage"},"image":{"@id":"https:\/\/www.ergodeveloppement.com\/de\/leistungen-faehigkeiten\/engineering-planungsbueros\/#primaryimage"},"thumbnailUrl":"https:\/\/www.ergodeveloppement.com\/wp-inside\/uploads\/2015\/04\/carrousel-ligne-refroidissement.jpeg","datePublished":"2015-04-29T13:04:18+00:00","dateModified":"2016-06-14T15:35:23+00:00","description":"ERGODEVELOPPEMENT\u2122 b\u00e9n\u00e9ficie de l\u2019expertise de techniciens et d\u2019ing\u00e9nieurs qualifi\u00e9s dans diff\u00e9rents domaines dont : Les \u00e9tudes m\u00e9caniques, hydrauliques, l\u2019Automatisme, les Calculs, la R\u00e9alisation de mod\u00e8les 3D, la R\u00e9alisation de plans \u00e0 partir des donn\u00e9es\/ contraintes client, l\u2019Accompagnement dans l\u2019\u00e9laboration du cahier des charges, la gestion de projets. Bureaux d'\u00e9tudes ing\u00e9nierie calculs tuyauterie m\u00e9tallurgie chaudronnerie Alsace maintenance industrielle.","breadcrumb":{"@id":"https:\/\/www.ergodeveloppement.com\/de\/leistungen-faehigkeiten\/engineering-planungsbueros\/#breadcrumb"},"inLanguage":"de","potentialAction":[{"@type":"ReadAction","target":["https:\/\/www.ergodeveloppement.com\/de\/leistungen-faehigkeiten\/engineering-planungsbueros\/"]}]},{"@type":"ImageObject","inLanguage":"de","@id":"https:\/\/www.ergodeveloppement.com\/de\/leistungen-faehigkeiten\/engineering-planungsbueros\/#primaryimage","url":"https:\/\/www.ergodeveloppement.com\/wp-inside\/uploads\/2015\/04\/carrousel-ligne-refroidissement.jpeg","contentUrl":"https:\/\/www.ergodeveloppement.com\/wp-inside\/uploads\/2015\/04\/carrousel-ligne-refroidissement.jpeg","width":680,"height":481,"caption":"K\u00fchlkarussell 5000T"},{"@type":"BreadcrumbList","@id":"https:\/\/www.ergodeveloppement.com\/de\/leistungen-faehigkeiten\/engineering-planungsbueros\/#breadcrumb","itemListElement":[{"@type":"ListItem","position":1,"name":"Stratseite","item":"https:\/\/www.ergodeveloppement.com\/de\/"},{"@type":"ListItem","position":2,"name":"Leistungen","item":"https:\/\/www.ergodeveloppement.com\/de\/leistungen-faehigkeiten\/"},{"@type":"ListItem","position":3,"name":"Ing\u00e9nierie"}]},{"@type":"WebSite","@id":"https:\/\/www.ergodeveloppement.com\/de\/#website","url":"https:\/\/www.ergodeveloppement.com\/de\/","name":"Ergo Developpement","description":"Engineering, Konstruktionsb\u00fcros, Herstellung und industrielle Instandhaltung","potentialAction":[{"@type":"SearchAction","target":{"@type":"EntryPoint","urlTemplate":"https:\/\/www.ergodeveloppement.com\/de\/?s={search_term_string}"},"query-input":{"@type":"PropertyValueSpecification","valueRequired":true,"valueName":"search_term_string"}}],"inLanguage":"de"}]}},"_links":{"self":[{"href":"https:\/\/www.ergodeveloppement.com\/de\/wp-json\/wp\/v2\/pages\/1007","targetHints":{"allow":["GET"]}}],"collection":[{"href":"https:\/\/www.ergodeveloppement.com\/de\/wp-json\/wp\/v2\/pages"}],"about":[{"href":"https:\/\/www.ergodeveloppement.com\/de\/wp-json\/wp\/v2\/types\/page"}],"author":[{"embeddable":true,"href":"https:\/\/www.ergodeveloppement.com\/de\/wp-json\/wp\/v2\/users\/3"}],"replies":[{"embeddable":true,"href":"https:\/\/www.ergodeveloppement.com\/de\/wp-json\/wp\/v2\/comments?post=1007"}],"version-history":[{"count":5,"href":"https:\/\/www.ergodeveloppement.com\/de\/wp-json\/wp\/v2\/pages\/1007\/revisions"}],"predecessor-version":[{"id":1171,"href":"https:\/\/www.ergodeveloppement.com\/de\/wp-json\/wp\/v2\/pages\/1007\/revisions\/1171"}],"up":[{"embeddable":true,"href":"https:\/\/www.ergodeveloppement.com\/de\/wp-json\/wp\/v2\/pages\/1013"}],"wp:featuredmedia":[{"embeddable":true,"href":"https:\/\/www.ergodeveloppement.com\/de\/wp-json\/wp\/v2\/media\/589"}],"wp:attachment":[{"href":"https:\/\/www.ergodeveloppement.com\/de\/wp-json\/wp\/v2\/media?parent=1007"}],"curies":[{"name":"wp","href":"https:\/\/api.w.org\/{rel}","templated":true}]}}